{"id":634,"date":"2021-11-03T16:08:12","date_gmt":"2021-11-03T15:08:12","guid":{"rendered":"https:\/\/www.abseher-technology.com\/?page_id=634"},"modified":"2026-01-11T10:34:08","modified_gmt":"2026-01-11T09:34:08","slug":"computerwartung","status":"publish","type":"page","link":"https:\/\/www.abseher-technology.com\/de\/computerwartung\/","title":{"rendered":"Computerwartung"},"content":{"rendered":"<div class=\"wpb-content-wrapper\"><p>[vc_row unlock_row_content=&#8220;yes&#8220; row_height_percent=&#8220;0&#8243; override_padding=&#8220;yes&#8220; h_padding=&#8220;0&#8243; top_padding=&#8220;0&#8243; bottom_padding=&#8220;0&#8243; overlay_alpha=&#8220;100&#8243; gutter_size=&#8220;0&#8243; column_width_percent=&#8220;0&#8243; shift_y=&#8220;0&#8243; z_index=&#8220;0&#8243; enable_top_divider=&#8220;default&#8220; top_divider=&#8220;gradient&#8220; shape_top_h_use_pixel=&#8220;true&#8220; shape_top_height_percent=&#8220;100&#8243; shape_top_color=&#8220;color-568355&#8243; shape_top_opacity=&#8220;100&#8243; shape_top_index=&#8220;0&#8243; css=&#8220;.vc_custom_1630074080043{margin-top: 0px !important;margin-bottom: 0px !important;border-top-width: 0px !important;border-right-width: 0px !important;border-left-width: 0px !important;padding-top: 0px !important;}&#8220; uncode_shortcode_id=&#8220;163293&#8243; shape_top_color_type=&#8220;uncode-palette&#8220;][vc_column column_width_percent=&#8220;100&#8243; gutter_size=&#8220;0&#8243; overlay_alpha=&#8220;50&#8243; shift_x=&#8220;0&#8243; shift_y=&#8220;0&#8243; shift_y_down=&#8220;0&#8243; z_index=&#8220;0&#8243; medium_width=&#8220;0&#8243; mobile_width=&#8220;0&#8243; width=&#8220;1\/1&#8243;][vc_empty_space empty_h=&#8220;1&#8243;][\/vc_column][\/vc_row][vc_row row_height_percent=&#8220;0&#8243; override_padding=&#8220;yes&#8220; h_padding=&#8220;2&#8243; top_padding=&#8220;0&#8243; bottom_padding=&#8220;2&#8243; overlay_alpha=&#8220;50&#8243; gutter_size=&#8220;3&#8243; column_width_percent=&#8220;100&#8243; shift_y=&#8220;0&#8243; z_index=&#8220;0&#8243; uncode_shortcode_id=&#8220;177186&#8243; css=&#8220;.vc_custom_1664522962274{margin-top: 1em !important;}&#8220;][vc_column column_width_percent=&#8220;100&#8243; gutter_size=&#8220;3&#8243; overlay_alpha=&#8220;50&#8243; shift_x=&#8220;0&#8243; shift_y=&#8220;0&#8243; shift_y_down=&#8220;0&#8243; z_index=&#8220;0&#8243; medium_width=&#8220;0&#8243; mobile_width=&#8220;0&#8243; width=&#8220;1\/1&#8243; uncode_shortcode_id=&#8220;392673&#8243;][vc_column_text uncode_shortcode_id=&#8220;456927&#8243;]<\/p>\n<h1>Computerwartung<\/h1>\n<p>Wie jede Maschine ben\u00f6tigen auch Computer regelm\u00e4\u00dfige Wartung, um perfekt zu funktionieren. Es geh\u00f6rt aber weit mehr zum Thema &#8222;Computerwartung&#8220;, als nur ab und zu ein paar Updates (automatisch) einzuspielen und sporadisch zu pr\u00fcfen, ob nichts klappert oder quietscht. Die Experten von Abseher Technology k\u00fcmmern sich darum, dass bei der Systemwartung auch wirklich alles bedacht wird, was zu diesem umfangreichen Themenbereich geh\u00f6rt.[\/vc_column_text][\/vc_column][\/vc_row][vc_row row_height_percent=&#8220;0&#8243; back_image=&#8220;644&#8243; back_position=&#8220;center center&#8220; parallax=&#8220;yes&#8220; overlay_alpha=&#8220;50&#8243; gutter_size=&#8220;3&#8243; column_width_percent=&#8220;100&#8243; shift_y=&#8220;0&#8243; z_index=&#8220;0&#8243; back_size=&#8220;auto 850px&#8220; uncode_shortcode_id=&#8220;125084&#8243;][vc_column width=&#8220;1\/2&#8243;][\/vc_column][vc_column column_width_percent=&#8220;100&#8243; gutter_size=&#8220;3&#8243; override_padding=&#8220;yes&#8220; column_padding=&#8220;3&#8243; overlay_color=&#8220;color-174779&#8243; overlay_alpha=&#8220;85&#8243; shift_x=&#8220;0&#8243; shift_y=&#8220;0&#8243; shift_y_down=&#8220;0&#8243; z_index=&#8220;0&#8243; medium_width=&#8220;0&#8243; mobile_width=&#8220;0&#8243; width=&#8220;1\/2&#8243;][vc_custom_heading text_color=&#8220;color-568355&#8243; uncode_shortcode_id=&#8220;175757&#8243; text_color_type=&#8220;uncode-palette&#8220;]Computerwartung[\/vc_custom_heading][vc_custom_heading text_color=&#8220;color-140440&#8243; heading_semantic=&#8220;h3&#8243; text_size=&#8220;h5&#8243; text_weight=&#8220;400&#8243; uncode_shortcode_id=&#8220;767230&#8243; text_color_type=&#8220;uncode-palette&#8220;]Damit Sie lange Freude an Ihren Ger\u00e4ten haben und alles reibungslos funktioniert, bieten wir Ihnen den optimalen Service f\u00fcr Ihre IT-Landschaft.[\/vc_custom_heading][\/vc_column][\/vc_row][vc_row row_height_percent=&#8220;0&#8243; override_padding=&#8220;yes&#8220; h_padding=&#8220;2&#8243; top_padding=&#8220;2&#8243; bottom_padding=&#8220;2&#8243; overlay_alpha=&#8220;50&#8243; gutter_size=&#8220;3&#8243; column_width_percent=&#8220;100&#8243; shift_y=&#8220;0&#8243; z_index=&#8220;0&#8243; css=&#8220;.vc_custom_1635012998196{margin-top: 15px !important;}&#8220; uncode_shortcode_id=&#8220;233238&#8243;][vc_column width=&#8220;1\/1&#8243;][vc_icon display=&#8220;inline&#8220; icon_image=&#8220;405&#8243; uncode_shortcode_id=&#8220;380321&#8243; title=&#8220;Installation von Software-Updates&#8220;]<\/p>\n<p style=\"text-align: left;\">Das Betriebssystem, aber auch die Programme, die auf dem Computer ausgef\u00fchrt werden, m\u00fcssen regelm\u00e4\u00dfig aktualisiert werden. Oftmals wird dies bereits automatisch durchgef\u00fchrt, aber nicht jede Anwendung unterst\u00fctzt diese Form der Aktualisierung und dann ist es meist sehr aufw\u00e4ndig, den \u00dcberblick \u00fcber die Vielzahl notwendiger Sicherheitspatches oder anderer empfohlener Updates zu behalten.<\/p>\n<p style=\"text-align: left;\">Die IT-Profis von Abseher Technology helfen Ihnen gerne dabei, Ihre Systeme so zu konfigurieren, dass diese mit minimalem Aufwand bei Sicherheitsaktualisierungen und Funktionalit\u00e4tserweiterungen immer auf dem neuesten Stand sind. Und selbstverst\u00e4ndlich finden und installieren wir auch solche Software-Updates f\u00fcr Sie, die eine manuelle Einrichtung erfordern.<\/p>\n<p>[\/vc_icon][\/vc_column][\/vc_row][vc_row][vc_column width=&#8220;1\/1&#8243;][vc_icon display=&#8220;inline&#8220; icon_image=&#8220;714&#8243; uncode_shortcode_id=&#8220;158501&#8243; title=&#8220;Installation von Firmware-Updates&#8220;]<\/p>\n<p style=\"text-align: left;\">Unter dem Begriff &#8222;Firmware&#8220; versteht man Software, die fest mit der Hardware verkn\u00fcpft ist und grundlegende Funktionen f\u00fcr das Betriebssystem bereitstellt, sodass dieses die Hardware korrekt nutzen kann. Wie bei jeder Software sind aber auch hier Fehler nicht ausgeschlossen und somit sollte man auch bei Firmware regelm\u00e4\u00dfig pr\u00fcfen, ob Aktualisierungen zur Verf\u00fcgung stehen. Dadurch k\u00f6nnen Fehler behoben, Energie gespart, die Lebensdauer der Hardware verl\u00e4ngert und\/oder auch neue Funktionen freigeschaltet werden.<\/p>\n<p>[\/vc_icon][vc_icon position=&#8220;left&#8220; icon_image=&#8220;704&#8243; uncode_shortcode_id=&#8220;979751&#8243; el_class=&#8220;warning-icon-box&#8220;]<strong>Aber Vorsicht:<\/strong> Bei unsachgem\u00e4\u00dfem Vorgehen kann ein Firmware-Update zur Besch\u00e4digung der Hardware bis hin zum Totalausfall des Systems f\u00fchren und daher sollte eine Aktualisierung der Firmware nur von Experten durchgef\u00fchrt werden. Wir raten dringend davon ab, solche \u00c4nderungen selbst durchzuf\u00fchren, wenn Sie noch nicht bestens mit den dazugeh\u00f6rigen Abl\u00e4ufen vertraut sind.[\/vc_icon][vc_column_text uncode_shortcode_id=&#8220;120113&#8243;]<\/p>\n<p style=\"text-align: left;\">Das Team von Abseher Technology hat jahrelange Erfahrung mit diesem komplexen Thema und wird bei einer erweiterten Systemwartung gerne auch hier f\u00fcr Sie die neuesten Firmware-Aktualisierungen installieren. Dadurch k\u00f6nnen Sie absolut sicher sein, dass Ihre wertvolle Hardware optimal betreut ist und bestm\u00f6glich mit dem Betriebssystem zusammenarbeitet.<\/p>\n<p>[\/vc_column_text][\/vc_column][\/vc_row][vc_row][vc_column width=&#8220;1\/1&#8243;][vc_icon display=&#8220;inline&#8220; icon_image=&#8220;403&#8243; uncode_shortcode_id=&#8220;138774&#8243; title=&#8220;Komponenten-Upgrade&#8220;]<\/p>\n<p style=\"text-align: left;\">Selbst bei perfekt gewarteten Systemen kann es leider immer noch passieren, dass Defekte auftreten. Und auch wenn die Hardware noch korrekt arbeitet, kann es n\u00f6tig werden, einzelne Komponenten auszutauschen, da die Leistungsanforderungen von Betriebssystemen und\/oder Anwendungsprogrammen im Zeitverlauf steigen. Insbesondere wenn Sie Computerspiele in hoher Bildqualit\u00e4t genie\u00dfen wollen oder beruflich auf hohe Rechenleistung angewiesen sind (Bildbearbeitung, Videoschnitt, CAD-Programme, etc.), wissen Sie vermutlich, wie oft sich die Mindestanforderungen \u00e4ndern und sich ein vorher schnelle System pl\u00f6tzlich tr\u00e4ge anf\u00fchlt.<\/p>\n<p style=\"text-align: left;\">Bei Abseher Technology sind sie in besten H\u00e4nden, was den Austausch und die Aktualisierung von PC-Komponenten betrifft. Wir beraten Sie professionell und unabh\u00e4ngig zum Potenzial von Upgrades von Komponenten wie Grafikkarte, Hauptspeicher, Festplatte\/SSD, CPU oder \u00c4hnlichem. Anschlie\u00dfend f\u00fchren wir die zugeh\u00f6rigen Arbeiten gerne f\u00fcr Sie aus.<\/p>\n<p>[\/vc_icon][\/vc_column][\/vc_row][vc_row][vc_column width=&#8220;1\/1&#8243;][vc_icon display=&#8220;inline&#8220; icon_image=&#8220;402&#8243; uncode_shortcode_id=&#8220;117791&#8243; title=&#8220;Systembereinigung&#8220;]<\/p>\n<p style=\"text-align: left;\">Im Zeitverlauf sammeln sich auf einem Computer viele Dateien an, die eigentlich nicht mehr ben\u00f6tigt werden. Neben tempor\u00e4ren Dateien, veralteten Softwareupdates und zwischengespeicherten Inhalten des Webbrowsers kann die Liste der zu entfernenden Dateien auch unerw\u00fcnschte Anwendungen (&#8222;Adware&#8220;) oder gar Bedrohungen (Viren, Trojaner, etc.) umfassen.<\/p>\n<p style=\"text-align: left;\">Bei einer Computerwartung von Abseher Technology pr\u00fcfen wir Ihr System gr\u00fcndlich auf Dateien, die gefahrlos gel\u00f6scht werden k\u00f6nnen und entfernen den vorhandenen Datenm\u00fcll nach R\u00fccksprache mit Ihnen. Damit steht Ihnen wieder mehr Speicherplatz f\u00fcr Ihre Dokumente, Fotos, Programme und \u00c4hnliches zur Verf\u00fcgung und oftmals f\u00fchrt ein &#8222;Fr\u00fchjahrsputz&#8220; des Computers auch zu einer Steigerung der Arbeitsgeschwindigkeit des Systems.<\/p>\n<p style=\"text-align: left;\">Was uns neben dem hervorragenden, pers\u00f6nlichen Service von der Konkurrenz unterscheidet: <strong>Wir machen keine leeren Versprechungen.<\/strong> Sollten wir bei der Diagnose Ihres Systems Viren, Trojaner oder andere Bedrohungen entdecken, kann eine r\u00fcckstandslose Entfernung der Schadsoftware von absolut niemanden garantiert werden. Daher raten wir in solchen F\u00e4llen immer zu einem &#8222;sauberen&#8220; Neuaufsetzen des Systems, welches wir selbstverst\u00e4ndlich gerne f\u00fcr Sie durchf\u00fchren.<\/p>\n<p>[\/vc_icon][\/vc_column][\/vc_row][vc_row][vc_column width=&#8220;1\/1&#8243;][vc_icon display=&#8220;inline&#8220; icon_image=&#8220;701&#8243; uncode_shortcode_id=&#8220;179797&#8243; title=&#8220;Datensicherung&#8220;]<\/p>\n<p style=\"text-align: left;\">Das Thema &#8222;Datensicherung&#8220; ist ein integraler Bestandteil einer soliden Computerwartung. Die Sicherung der Nutzdaten (Dokumente, Fotos, etc.) sollte grunds\u00e4tzlich regelm\u00e4\u00dfig und in m\u00f6glichst kurzen Intervallen erfolgen. Eine vollst\u00e4ndige Systemsicherung inklusive des Betriebssystems und aller Programme ist ebenfalls sehr empfehlenswert, wenn man ein System m\u00f6glichst unkompliziert und schnell wiederherstellen m\u00f6chte.<\/p>\n<p style=\"text-align: left;\">Bei einer von uns durchgef\u00fchrten Computerwartung k\u00f6nnen wir die Datensicherung gerne f\u00fcr Sie erledigen und Ihre bestehenden Sicherungen auf Funktionsf\u00e4higkeit pr\u00fcfen. Mit Freude erstellen wir auch mit Ihnen gemeinsam ein grundsolides und professionelles Sicherungskonzept, sodass Ihre wertvollen Daten optimal gegen unbeabsichtigten Verlust gesch\u00fctzt sind.<\/p>\n<p>[\/vc_icon][\/vc_column][\/vc_row][vc_row][vc_column width=&#8220;1\/1&#8243;][vc_icon display=&#8220;inline&#8220; icon_image=&#8220;700&#8243; uncode_shortcode_id=&#8220;190830&#8243; title=&#8220;Datenmigration&#8220;]<\/p>\n<p style=\"text-align: left;\">Wenn Sie einen in die Jahre gekommenen Rechner gegen einen neuen ersetzen, wollen Sie mit hoher Wahrscheinlichkeit Ihre bestehenden Daten und Anwendungen auch auf dem neuen System zur Verf\u00fcgung haben. Dieser Umzug von einem Computersystem auf ein anderes kann je nach Konfiguration sehr aufw\u00e4ndig sein und oft werden dabei einige Stellen \u00fcbersehen, sodass schnell Frust entstehen kann.<\/p>\n<p style=\"text-align: left;\">Bei Abseher Technology bieten wir Ihnen einen Rundumservice was die Datenmigration auf das Neusystem angeht, sodass Sie sich nicht um die Stolpersteine k\u00fcmmern m\u00fcssen, die bei der \u00dcbertragung von Daten und Programmen lauern. Nach dem erfolgreichen Abschluss des Umzugs besteht auf Wunsch die M\u00f6glichkeit, dass wir das Altsystem so vorbereiten, dass sie es bedenkenlos weiterverkaufen oder entsorgen k\u00f6nnen, indem alle pers\u00f6nlichen Daten unwiederherstellbar vernichtet werden.<\/p>\n<p>[\/vc_icon][\/vc_column][\/vc_row][vc_row][vc_column width=&#8220;1\/1&#8243;][vc_icon display=&#8220;inline&#8220; icon_image=&#8220;702&#8243; uncode_shortcode_id=&#8220;500085&#8243; title=&#8220;Ger\u00e4te-Reinigung&#8220;]<\/p>\n<p style=\"text-align: left;\">Im Lauf der Zeit kann sich viel Staub und Schmutz im Inneren von PCs, Laptops und anderen Ger\u00e4ten ansammeln. Solche Ablagerungen wirken wie eine Isolierschicht und diese beeinflusst den Abtransport der Abw\u00e4rme, die von den Komponenten abgegeben wird, negativ. Dadurch erhitzt sich das Innere des Ger\u00e4tegeh\u00e4uses st\u00e4rker als im Normalbetrieb vorgesehen, was im schlimmsten Fall dazu f\u00fchren kann, dass sich die durchschnittliche Lebenserwartung Ihres Computers merklich reduziert. Abgesehen davon m\u00fcssen sich eventuell vorhandene L\u00fcfter schneller drehen, um die Abw\u00e4rme abzuf\u00fchren, was eine st\u00f6rende Ger\u00e4uschkulisse zur Folge haben kann.<\/p>\n<p style=\"text-align: left;\">Wenn Sie Ihr Ger\u00e4t bei uns zum Zweck einer Computerwartung abgeben, geh\u00f6rt es zu unserem Dienstleistungsumfang dazu, dass wir nicht nur die Software in einem optimalen Zustand hinterlassen sondern auch Ihre Hardware bekommt das passende Verw\u00f6hnprogramm. Damit haben Sie hoffentlich noch lange Freude mit Ihren Ger\u00e4ten.<\/p>\n<p>[\/vc_icon][\/vc_column][\/vc_row][vc_row][vc_column width=&#8220;1\/1&#8243;][vc_column_text uncode_shortcode_id=&#8220;124330&#8243;]<\/p>\n<p style=\"text-align: center;\">Bitte beachten Sie auch unser weiteres <a href=\"https:\/\/www.abseher-technology.com\/de\/leistungen\/\">Dienstleistungangebot<\/a>.<\/p>\n<p>[\/vc_column_text][\/vc_column][\/vc_row][vc_row row_height_percent=&#8220;0&#8243; override_padding=&#8220;yes&#8220; h_padding=&#8220;2&#8243; top_padding=&#8220;2&#8243; bottom_padding=&#8220;4&#8243; overlay_alpha=&#8220;50&#8243; gutter_size=&#8220;3&#8243; column_width_percent=&#8220;100&#8243; shift_y=&#8220;0&#8243; z_index=&#8220;0&#8243; content_parallax=&#8220;0&#8243; uncode_shortcode_id=&#8220;163902&#8243;][vc_column width=&#8220;1\/1&#8243;][vc_column_text uncode_shortcode_id=&#8220;108377&#8243;]<\/p>\n<p style=\"text-align: center;\">Interessiert? Kontaktieren Sie uns gleich!<\/p>\n<p style=\"text-align: center;\"><strong>Telefon: <a class=\"matomo-goal\" href=\"tel:+436642477123\" data-matomo-goal=\"3\">+43 \/ 664 \/ 24 77 123<\/a><\/strong><\/p>\n<p style=\"text-align: center;\"><strong>E-Mail: <a class=\"matomo-goal\" href=\"mailto:office@abseher-technology.com\" data-matomo-goal=\"1\">office@abseher-technology.com<\/a><\/strong><\/p>\n<p>[\/vc_column_text][\/vc_column][\/vc_row]<\/p>\n<\/div>","protected":false},"excerpt":{"rendered":"<p>[vc_row unlock_row_content=&#8220;yes&#8220; row_height_percent=&#8220;0&#8243; override_padding=&#8220;yes&#8220; h_padding=&#8220;0&#8243; top_padding=&#8220;0&#8243; bottom_padding=&#8220;0&#8243; overlay_alpha=&#8220;100&#8243; gutter_size=&#8220;0&#8243; column_width_percent=&#8220;0&#8243; shift_y=&#8220;0&#8243; z_index=&#8220;0&#8243; enable_top_divider=&#8220;default&#8220; top_divider=&#8220;gradient&#8220; shape_top_h_use_pixel=&#8220;true&#8220; shape_top_height_percent=&#8220;100&#8243; shape_top_color=&#8220;color-568355&#8243; shape_top_opacity=&#8220;100&#8243; shape_top_index=&#8220;0&#8243; css=&#8220;.vc_custom_1630074080043{margin-top: [&hellip;]<\/p>\n","protected":false},"author":1,"featured_media":0,"parent":0,"menu_order":0,"comment_status":"closed","ping_status":"closed","template":"","meta":{"footnotes":""},"class_list":["post-634","page","type-page","status-publish","hentry"],"yoast_head":"<!-- This site is optimized with the Yoast SEO Premium plugin v27.3 (Yoast SEO v27.3) - https:\/\/yoast.com\/product\/yoast-seo-premium-wordpress\/ -->\n<title>Computerwartung &#8211; Abseher Technology<\/title>\n<meta name=\"description\" content=\"Mit einer von Abseher Technology durchgef\u00fchrten Computerwartung k\u00f6nnen Sie sicher sein, dass sie lange Freude an Ihren Ger\u00e4ten haben werden.\" \/>\n<meta name=\"robots\" content=\"index, follow, max-snippet:-1, max-image-preview:large, max-video-preview:-1\" \/>\n<link rel=\"canonical\" href=\"https:\/\/www.abseher-technology.com\/de\/computerwartung\/\" \/>\n<meta property=\"og:locale\" content=\"de_DE\" \/>\n<meta property=\"og:type\" content=\"article\" \/>\n<meta property=\"og:title\" content=\"Computerwartung\" \/>\n<meta property=\"og:description\" content=\"Mit einer von Abseher Technology durchgef\u00fchrten Computerwartung k\u00f6nnen Sie sicher sein, dass sie lange Freude an Ihren Ger\u00e4ten haben werden.\" \/>\n<meta property=\"og:url\" content=\"https:\/\/www.abseher-technology.com\/de\/computerwartung\/\" \/>\n<meta property=\"og:site_name\" content=\"Abseher Technology\" \/>\n<meta property=\"article:publisher\" content=\"https:\/\/www.facebook.com\/abseher.technology\" \/>\n<meta property=\"article:modified_time\" content=\"2026-01-11T09:34:08+00:00\" \/>\n<meta property=\"og:image\" content=\"https:\/\/www.abseher-technology.com\/wp-content\/uploads\/2022\/05\/Logo_Abseher_Technology_OpenGraph.png\" \/>\n\t<meta property=\"og:image:width\" content=\"1200\" \/>\n\t<meta property=\"og:image:height\" content=\"630\" \/>\n\t<meta property=\"og:image:type\" content=\"image\/png\" \/>\n<meta name=\"twitter:card\" content=\"summary_large_image\" \/>\n<meta name=\"twitter:site\" content=\"@AbseherTech\" \/>\n<meta name=\"twitter:label1\" content=\"Gesch\u00e4tzte Lesezeit\" \/>\n\t<meta name=\"twitter:data1\" content=\"6\u00a0Minuten\" \/>\n<script type=\"application\/ld+json\" class=\"yoast-schema-graph\">{\"@context\":\"https:\\\/\\\/schema.org\",\"@graph\":[{\"@type\":\"WebPage\",\"@id\":\"https:\\\/\\\/www.abseher-technology.com\\\/de\\\/computerwartung\\\/\",\"url\":\"https:\\\/\\\/www.abseher-technology.com\\\/de\\\/computerwartung\\\/\",\"name\":\"Computerwartung &#8211; Abseher Technology\",\"isPartOf\":{\"@id\":\"https:\\\/\\\/www.abseher-technology.com\\\/de\\\/#website\"},\"datePublished\":\"2021-11-03T15:08:12+00:00\",\"dateModified\":\"2026-01-11T09:34:08+00:00\",\"description\":\"Mit einer von Abseher Technology durchgef\u00fchrten Computerwartung k\u00f6nnen Sie sicher sein, dass sie lange Freude an Ihren Ger\u00e4ten haben werden.\",\"breadcrumb\":{\"@id\":\"https:\\\/\\\/www.abseher-technology.com\\\/de\\\/computerwartung\\\/#breadcrumb\"},\"inLanguage\":\"de\",\"potentialAction\":[{\"@type\":\"ReadAction\",\"target\":[\"https:\\\/\\\/www.abseher-technology.com\\\/de\\\/computerwartung\\\/\"]}]},{\"@type\":\"BreadcrumbList\",\"@id\":\"https:\\\/\\\/www.abseher-technology.com\\\/de\\\/computerwartung\\\/#breadcrumb\",\"itemListElement\":[{\"@type\":\"ListItem\",\"position\":1,\"name\":\"Home\",\"item\":\"https:\\\/\\\/www.abseher-technology.com\\\/de\\\/\"},{\"@type\":\"ListItem\",\"position\":2,\"name\":\"Computerwartung\"}]},{\"@type\":\"WebSite\",\"@id\":\"https:\\\/\\\/www.abseher-technology.com\\\/de\\\/#website\",\"url\":\"https:\\\/\\\/www.abseher-technology.com\\\/de\\\/\",\"name\":\"Abseher Technology\",\"description\":\"\",\"publisher\":{\"@id\":\"https:\\\/\\\/www.abseher-technology.com\\\/de\\\/#organization\"},\"potentialAction\":[{\"@type\":\"SearchAction\",\"target\":{\"@type\":\"EntryPoint\",\"urlTemplate\":\"https:\\\/\\\/www.abseher-technology.com\\\/de\\\/?s={search_term_string}\"},\"query-input\":{\"@type\":\"PropertyValueSpecification\",\"valueRequired\":true,\"valueName\":\"search_term_string\"}}],\"inLanguage\":\"de\"},{\"@type\":\"Organization\",\"@id\":\"https:\\\/\\\/www.abseher-technology.com\\\/de\\\/#organization\",\"name\":\"Abseher Technology GmbH\",\"url\":\"https:\\\/\\\/www.abseher-technology.com\\\/de\\\/\",\"logo\":{\"@type\":\"ImageObject\",\"inLanguage\":\"de\",\"@id\":\"https:\\\/\\\/www.abseher-technology.com\\\/de\\\/#\\\/schema\\\/logo\\\/image\\\/\",\"url\":\"https:\\\/\\\/www.abseher-technology.com\\\/wp-content\\\/uploads\\\/logo_abseher_technology_dark_font_square.svg\",\"contentUrl\":\"https:\\\/\\\/www.abseher-technology.com\\\/wp-content\\\/uploads\\\/logo_abseher_technology_dark_font_square.svg\",\"width\":\"210\",\"height\":\"210\",\"caption\":\"Abseher Technology GmbH\"},\"image\":{\"@id\":\"https:\\\/\\\/www.abseher-technology.com\\\/de\\\/#\\\/schema\\\/logo\\\/image\\\/\"},\"sameAs\":[\"https:\\\/\\\/www.facebook.com\\\/abseher.technology\",\"https:\\\/\\\/x.com\\\/AbseherTech\"],\"description\":\"Abseher Technology ist Ihr kompetenter, lokaler Partner f\u00fcr alle Anliegen rund um Ihre wertvolle IT-Infrastruktur.\",\"email\":\"office@abseher-technology.com\",\"telephone\":\"+436642477123\",\"legalName\":\"Abseher Technology GmbH\",\"foundingDate\":\"2021-02-13\",\"vatID\":\"ATU76691046\",\"duns\":\"30-064-1568\"}]}<\/script>\n<!-- \/ Yoast SEO Premium plugin. -->","yoast_head_json":{"title":"Computerwartung &#8211; Abseher Technology","description":"Mit einer von Abseher Technology durchgef\u00fchrten Computerwartung k\u00f6nnen Sie sicher sein, dass sie lange Freude an Ihren Ger\u00e4ten haben werden.","robots":{"index":"index","follow":"follow","max-snippet":"max-snippet:-1","max-image-preview":"max-image-preview:large","max-video-preview":"max-video-preview:-1"},"canonical":"https:\/\/www.abseher-technology.com\/de\/computerwartung\/","og_locale":"de_DE","og_type":"article","og_title":"Computerwartung","og_description":"Mit einer von Abseher Technology durchgef\u00fchrten Computerwartung k\u00f6nnen Sie sicher sein, dass sie lange Freude an Ihren Ger\u00e4ten haben werden.","og_url":"https:\/\/www.abseher-technology.com\/de\/computerwartung\/","og_site_name":"Abseher Technology","article_publisher":"https:\/\/www.facebook.com\/abseher.technology","article_modified_time":"2026-01-11T09:34:08+00:00","og_image":[{"width":1200,"height":630,"url":"https:\/\/www.abseher-technology.com\/wp-content\/uploads\/2022\/05\/Logo_Abseher_Technology_OpenGraph.png","type":"image\/png"}],"twitter_card":"summary_large_image","twitter_site":"@AbseherTech","twitter_misc":{"Gesch\u00e4tzte Lesezeit":"6\u00a0Minuten"},"schema":{"@context":"https:\/\/schema.org","@graph":[{"@type":"WebPage","@id":"https:\/\/www.abseher-technology.com\/de\/computerwartung\/","url":"https:\/\/www.abseher-technology.com\/de\/computerwartung\/","name":"Computerwartung &#8211; Abseher Technology","isPartOf":{"@id":"https:\/\/www.abseher-technology.com\/de\/#website"},"datePublished":"2021-11-03T15:08:12+00:00","dateModified":"2026-01-11T09:34:08+00:00","description":"Mit einer von Abseher Technology durchgef\u00fchrten Computerwartung k\u00f6nnen Sie sicher sein, dass sie lange Freude an Ihren Ger\u00e4ten haben werden.","breadcrumb":{"@id":"https:\/\/www.abseher-technology.com\/de\/computerwartung\/#breadcrumb"},"inLanguage":"de","potentialAction":[{"@type":"ReadAction","target":["https:\/\/www.abseher-technology.com\/de\/computerwartung\/"]}]},{"@type":"BreadcrumbList","@id":"https:\/\/www.abseher-technology.com\/de\/computerwartung\/#breadcrumb","itemListElement":[{"@type":"ListItem","position":1,"name":"Home","item":"https:\/\/www.abseher-technology.com\/de\/"},{"@type":"ListItem","position":2,"name":"Computerwartung"}]},{"@type":"WebSite","@id":"https:\/\/www.abseher-technology.com\/de\/#website","url":"https:\/\/www.abseher-technology.com\/de\/","name":"Abseher Technology","description":"","publisher":{"@id":"https:\/\/www.abseher-technology.com\/de\/#organization"},"potentialAction":[{"@type":"SearchAction","target":{"@type":"EntryPoint","urlTemplate":"https:\/\/www.abseher-technology.com\/de\/?s={search_term_string}"},"query-input":{"@type":"PropertyValueSpecification","valueRequired":true,"valueName":"search_term_string"}}],"inLanguage":"de"},{"@type":"Organization","@id":"https:\/\/www.abseher-technology.com\/de\/#organization","name":"Abseher Technology GmbH","url":"https:\/\/www.abseher-technology.com\/de\/","logo":{"@type":"ImageObject","inLanguage":"de","@id":"https:\/\/www.abseher-technology.com\/de\/#\/schema\/logo\/image\/","url":"https:\/\/www.abseher-technology.com\/wp-content\/uploads\/logo_abseher_technology_dark_font_square.svg","contentUrl":"https:\/\/www.abseher-technology.com\/wp-content\/uploads\/logo_abseher_technology_dark_font_square.svg","width":"210","height":"210","caption":"Abseher Technology GmbH"},"image":{"@id":"https:\/\/www.abseher-technology.com\/de\/#\/schema\/logo\/image\/"},"sameAs":["https:\/\/www.facebook.com\/abseher.technology","https:\/\/x.com\/AbseherTech"],"description":"Abseher Technology ist Ihr kompetenter, lokaler Partner f\u00fcr alle Anliegen rund um Ihre wertvolle IT-Infrastruktur.","email":"office@abseher-technology.com","telephone":"+436642477123","legalName":"Abseher Technology GmbH","foundingDate":"2021-02-13","vatID":"ATU76691046","duns":"30-064-1568"}]}},"_links":{"self":[{"href":"https:\/\/www.abseher-technology.com\/de\/wp-json\/wp\/v2\/pages\/634","targetHints":{"allow":["GET"]}}],"collection":[{"href":"https:\/\/www.abseher-technology.com\/de\/wp-json\/wp\/v2\/pages"}],"about":[{"href":"https:\/\/www.abseher-technology.com\/de\/wp-json\/wp\/v2\/types\/page"}],"author":[{"embeddable":true,"href":"https:\/\/www.abseher-technology.com\/de\/wp-json\/wp\/v2\/users\/1"}],"replies":[{"embeddable":true,"href":"https:\/\/www.abseher-technology.com\/de\/wp-json\/wp\/v2\/comments?post=634"}],"version-history":[{"count":0,"href":"https:\/\/www.abseher-technology.com\/de\/wp-json\/wp\/v2\/pages\/634\/revisions"}],"wp:attachment":[{"href":"https:\/\/www.abseher-technology.com\/de\/wp-json\/wp\/v2\/media?parent=634"}],"curies":[{"name":"wp","href":"https:\/\/api.w.org\/{rel}","templated":true}]}}