{"id":519,"date":"2021-10-25T20:31:40","date_gmt":"2021-10-25T18:31:40","guid":{"rendered":"https:\/\/www.abseher-technology.com\/?page_id=519"},"modified":"2024-09-06T16:11:39","modified_gmt":"2024-09-06T14:11:39","slug":"datenschutz-terminbuchung","status":"publish","type":"page","link":"https:\/\/www.abseher-technology.com\/de\/datenschutz-terminbuchung\/","title":{"rendered":"Datenschutz &#8211; Terminbuchung"},"content":{"rendered":"<div class=\"wpb-content-wrapper\"><p>[vc_row unlock_row_content=&#8220;yes&#8220; row_height_percent=&#8220;0&#8243; override_padding=&#8220;yes&#8220; h_padding=&#8220;0&#8243; top_padding=&#8220;0&#8243; bottom_padding=&#8220;0&#8243; overlay_alpha=&#8220;50&#8243; gutter_size=&#8220;3&#8243; column_width_percent=&#8220;100&#8243; shift_y=&#8220;0&#8243; z_index=&#8220;0&#8243; uncode_shortcode_id=&#8220;209817&#8243;][vc_column width=&#8220;1\/1&#8243;][uncode_block id=&#8220;1125&#8243;][\/vc_column][\/vc_row][vc_row unlock_row_content=&#8220;yes&#8220; row_height_percent=&#8220;0&#8243; override_padding=&#8220;yes&#8220; h_padding=&#8220;0&#8243; top_padding=&#8220;0&#8243; bottom_padding=&#8220;0&#8243; overlay_alpha=&#8220;100&#8243; gutter_size=&#8220;0&#8243; column_width_percent=&#8220;0&#8243; shift_y=&#8220;0&#8243; z_index=&#8220;0&#8243; enable_top_divider=&#8220;default&#8220; top_divider=&#8220;gradient&#8220; shape_top_h_use_pixel=&#8220;true&#8220; shape_top_height_percent=&#8220;100&#8243; shape_top_color=&#8220;color-568355&#8243; shape_top_opacity=&#8220;100&#8243; shape_top_index=&#8220;0&#8243; css=&#8220;.vc_custom_1630074080043{margin-top: 0px !important;margin-bottom: 0px !important;border-top-width: 0px !important;border-right-width: 0px !important;border-left-width: 0px !important;padding-top: 0px !important;}&#8220; uncode_shortcode_id=&#8220;163293&#8243; shape_top_color_type=&#8220;uncode-palette&#8220;][vc_column column_width_percent=&#8220;100&#8243; gutter_size=&#8220;0&#8243; overlay_alpha=&#8220;50&#8243; shift_x=&#8220;0&#8243; shift_y=&#8220;0&#8243; shift_y_down=&#8220;0&#8243; z_index=&#8220;0&#8243; medium_width=&#8220;0&#8243; mobile_width=&#8220;0&#8243; width=&#8220;1\/1&#8243;][vc_empty_space empty_h=&#8220;1&#8243;][\/vc_column][\/vc_row][vc_row unlock_row_content=&#8220;yes&#8220; row_height_percent=&#8220;0&#8243; override_padding=&#8220;yes&#8220; h_padding=&#8220;0&#8243; top_padding=&#8220;0&#8243; bottom_padding=&#8220;0&#8243; overlay_alpha=&#8220;50&#8243; gutter_size=&#8220;3&#8243; column_width_percent=&#8220;100&#8243; shift_y=&#8220;0&#8243; z_index=&#8220;0&#8243; uncode_shortcode_id=&#8220;206979&#8243;][vc_column width=&#8220;1\/1&#8243;][uncode_block id=&#8220;1117&#8243;][\/vc_column][\/vc_row][vc_row row_height_percent=&#8220;0&#8243; override_padding=&#8220;yes&#8220; h_padding=&#8220;2&#8243; top_padding=&#8220;0&#8243; bottom_padding=&#8220;4&#8243; overlay_alpha=&#8220;50&#8243; gutter_size=&#8220;3&#8243; column_width_percent=&#8220;100&#8243; shift_y=&#8220;0&#8243; z_index=&#8220;0&#8243; uncode_shortcode_id=&#8220;178946&#8243; css=&#8220;.vc_custom_1664523467708{margin-top: 1em !important;}&#8220;][vc_column width=&#8220;1\/1&#8243;][vc_column_text uncode_shortcode_id=&#8220;139202&#8243;]<\/p>\n<h1>Datenschutz &#8211; Terminbuchung<\/h1>\n<p>Wir freuen uns sehr, dass Sie sich f\u00fcr unser Dienstleistungsangebot interessieren und Sie mit unserem Unternehmen als Nutzer unserer Online-Terminbuchungsplattform in Kontakt treten oder in Kontakt getreten sind. Wir m\u00f6chten Ihnen nachfolgend gerne Informationen zur Verarbeitung Ihrer personenbezogenen Daten im Zusammenhang mit Ihrer \u00fcber unsere Terminbuchungs-Website \u201eMicrosoft Bookings\u201c erfolgte Online-Buchung erteilen. \u201eMicrosoft Bookings\u201c ist ein Service der Microsoft Corporation, One Microsoft Way, Redmond, WA 98052-6399, USA (&#8222;Microsoft&#8220;).<\/p>\n<p>Der Schutz Ihrer personenbezogenen Daten ist uns ein wichtiges Anliegen. Personenbezogene Daten sind Informationen \u00fcber pers\u00f6nliche oder sachliche Verh\u00e4ltnisse einer bestimmten oder bestimmbaren nat\u00fcrlichen Person. Darunter fallen z.B. der b\u00fcrgerliche Name, die Anschrift, die Telefonnummer und das Geburtsdatum, aber auch alle anderen Daten, die auf eine bestimmbare Person bezogen werden k\u00f6nnen.<\/p>\n<p>Unsere Datenschutzpraxis steht im vollst\u00e4ndigen Einklang mit den gesetzlichen Regelungen, insbesondere denen des Datenschutzgesetzes (DSG) und der Datenschutz-Grundverordnung der EU (DSGVO). Die nachfolgenden Datenschutzhinweise dienen der Erf\u00fcllung der sich aus der DSGVO ergebenden Informationspflichten. Diese finden sich unter anderem in Art. 13 und Art. 14 ff. DSGVO.<\/p>\n<p>Bitte beachten Sie auch unsere allgemeinen Informationen zum <a href=\"https:\/\/www.abseher-technology.com\/de\/datenschutz\/\">Datenschutz bei Abseher Technology<\/a>.<\/p>\n<h2>Wer ist f\u00fcr Datenverarbeitung verantwortlich?<\/h2>\n<p>Verantwortlicher im Sinne des Art. 4 Nr. 7 DSGVO ist derjenige, der allein oder gemeinsam mit anderen \u00fcber die Zwecke und Mittel der Verarbeitung von personenbezogenen Daten entscheidet. Im Hinblick auf die \u00fcber unsere Terminbuchungs-Website erfolgte Online-Buchung ist der Verantwortliche:<\/p>\n<p><strong>Abseher Technology GmbH<\/strong><br \/>\nWiesboden 25<br \/>\n2820 Walpersbach<br \/>\n\u00d6sterreich<\/p>\n<p>E-Mail: <a class=\"matomo-goal\" href=\"mailto:office@abseher-technology.com\" data-matomo-goal=\"3\">office@abseher-technology.com<\/a><br \/>\nTelefon: <a class=\"matomo-goal\" href=\"tel:+436642477123\" data-matomo-goal=\"1\">+43 \/ 664 \/ 24 77 123<\/a><\/p>\n<p>Sie finden weitere Informationen zu unserem Unternehmen und auch weitere Kontaktm\u00f6glichkeiten im <a href=\"https:\/\/www.abseher-technology.com\/de\/impressum\/\">Impressum unseres Webauftritts<\/a>.<\/p>\n<p><strong>Hinweis:<\/strong> Soweit Sie die Internetseite von \u201eMicrosoft Bookings\u201c aufrufen, ist der Anbieter von \u201eMicrosoft Bookings\u201c f\u00fcr die Datenverarbeitung verantwortlich. Ein Aufruf der Internetseite ist f\u00fcr die Nutzung von \u201eMicrosoft Bookings\u201c jedoch nur erforderlich, um sich die Software f\u00fcr die Nutzung von \u201eMicrosoft Bookings\u201c herunterzuladen. Wenn Sie die \u201eMicrosoft Bookings\u201c-App nicht nutzen wollen oder k\u00f6nnen, k\u00f6nnen Sie \u201eMicrosoft Bookings\u201c auch \u00fcber Ihren Browser nutzen. Der Dienst wird dann insoweit auch \u00fcber die Website von \u201eMicrosoft Bookings\u201c erbracht.<\/p>\n<h2>Welche Daten von Ihnen werden von uns verarbeitet? Und zu welchen Zwecken?<\/h2>\n<p>Es werden die von Ihnen bei der Online-Buchung eingegebenen Daten, mindestens aber f\u00fcr die personalisierte Eintragung Ihren erfassten Namen (ggf. Vor- und\/oder Nachname) und Ihre erfasste E-Mail-Adresse, verarbeitet. Des Weiteren k\u00f6nnen Ihre freiwillig optional eingegebenen Adressdaten (ggf. Stra\u00dfe, Hausnummer, PLZ, Ort), Ihre freiwillig optional eingegebene Telefonnummer (ggf. Festnetz- und\/oder Mobilfunk-Nummer) sowie Ihre freiwillig optional eingegebenen Anmerkungen verarbeitet werden. Die erfassten Daten werden von uns lediglich zur Personalisierung Ihrer Online-Buchung und ausschlie\u00dflich f\u00fcr den Versand unserer kostenlosen Termineinladung verwendet.<\/p>\n<p>Weiterhin erfolgt die Erhebung dieser Daten,<\/p>\n<ul>\n<li data-mce-word-list=\"1\">um Sie als unseren Online-Bucher identifizieren zu k\u00f6nnen,<\/li>\n<li data-mce-word-list=\"1\">um eine zeitsparende Terminplanung mit Ihnen durchf\u00fchren zu k\u00f6nnen,<\/li>\n<li data-mce-word-list=\"1\">um mit Ihnen korrespondieren und\/oder sonst in Kontakt treten zu k\u00f6nnen,<\/li>\n<li data-mce-word-list=\"1\">um Ihre \u00fcber unsere Booking-Website abgegebene Online-Buchung bearbeiten zu k\u00f6nnen,<\/li>\n<li data-mce-word-list=\"1\">um mit Ihnen Termindetails und Buchungsanforderungen kl\u00e4ren zu k\u00f6nnen,<\/li>\n<li data-mce-word-list=\"1\">zur Durchf\u00fchrung einer wirksamen Kollisionskontrolle bei eventuellen Terminkonflikten.<\/li>\n<\/ul>\n<p>Eine automatisierte Entscheidungsfindung i.S.d. Art.\u00a022 DSGVO kommt nicht zum Einsatz.<\/p>\n<h2>Auf welcher rechtlichen Grundlage basiert das?<\/h2>\n<p>Die Rechtsgrundlage f\u00fcr die Datenverarbeitung bei der Durchf\u00fchrung von Online-Buchungen zu o.g. Zwecken ist Art. 6 Abs. 1 lit. b) DSGVO, soweit die Terminbuchungen im Rahmen von Vertragsbeziehungen durchgef\u00fchrt werden. Sollte keine vertragliche Beziehung bestehen, ist die Rechtsgrundlage Art. 6 Abs. 1 lit. f) DSGVO. Auch hier besteht unser Interesse an der effektiven Durchf\u00fchrung von Online-Buchungen.<\/p>\n<h2>Wie lange werden die erfassten Daten gespeichert?<\/h2>\n<p>Wir l\u00f6schen personenbezogene Daten grunds\u00e4tzlich dann, wenn kein Erfordernis f\u00fcr eine weitere Speicherung besteht. Ein Erfordernis kann insbesondere dann bestehen, wenn die Daten noch ben\u00f6tigt werden, um vertragliche Leistungen zur erf\u00fcllen, Gew\u00e4hrleistungs- und ggf. Garantieanspr\u00fcche pr\u00fcfen und gew\u00e4hren oder abwehren zu k\u00f6nnen. Im Falle von gesetzlichen Aufbewahrungspflichten kommt eine L\u00f6schung erst nach Ablauf der jeweiligen Aufbewahrungspflicht in Betracht.<\/p>\n<p>Wir behalten uns die L\u00f6schung ohne Angaben von Gr\u00fcnden und ohne vorherige oder nachtr\u00e4gliche Information vor.<\/p>\n<h2>An welche Empf\u00e4nger werden die Daten weitergegeben?<\/h2>\n<p>Personenbezogene Daten, die im Zusammenhang mit der Online-Buchung verarbeitet werden, werden verwendet und grunds\u00e4tzlich nicht an Dritte weitergegeben, sofern sie nicht explizit zur Weitergabe bestimmt sind. Selbstverst\u00e4ndlich erfolgt eine Weitergabe an Dritte nur in Ihrem wohlverstandenen Interesse und in Absprache mit Ihnen. N\u00e4heres ergibt sich aus einem gesondert geschlossenen Vertrag.<\/p>\n<p>Diejenigen Mitarbeiter unseres Unternehmens, die mit Ihren Daten in Kontakt gelangen, unterliegen einer strengen Vertraulichkeits- und Verschwiegenheitsverpflichtung, deren Einhaltung wir st\u00e4ndig \u00fcberwachen. Auch sonstige Personen, mit denen wir zusammenarbeiten und die in Kontakt mit Ihren Daten gelangen oder gelangen k\u00f6nnten, wurden oder werden von uns schriftlich zur Vertraulichkeit und Verschwiegenheit verpflichtet und machen sich &#8211; worauf sie ebenfalls ausdr\u00fccklich hingewiesen wurden oder werden &#8211; im Fall eines Versto\u00dfes selbst strafbar.<\/p>\n<p><strong>Weitere Empf\u00e4nger:<\/strong> Der Anbieter von \u201eMicrosoft Bookings\u201c (Microsoft Corporation, One Microsoft Way, Redmond, WA 98052-6399, USA) erh\u00e4lt notwendigerweise Kenntnis von den o.g. Daten, soweit dies im Rahmen unseres Auftragsverarbeitungsvertrages mit \u201eMicrosoft Bookings\u201c vorgesehen ist.<\/p>\n<h2>Wo werden die Daten verarbeitet?<\/h2>\n<p>Eine Datenverarbeitung au\u00dferhalb der Europ\u00e4ischen Union (EU) erfolgt grunds\u00e4tzlich nicht, da wir unseren Speicherort f\u00fcr die erfassten Daten auf Rechenzentren in der Europ\u00e4ischen Union beschr\u00e4nkt haben. Wir k\u00f6nnen aber nicht ausschlie\u00dfen, dass das Routing von Daten \u00fcber Internetserver erfolgt, die sich au\u00dferhalb der EU befinden. Dies kann insbesondere dann der Fall sein, wenn sich Benutzer bei der Online-Buchung in einem Drittland aufhalten. Die Daten sind w\u00e4hrend des Transports \u00fcber das Internet jedoch verschl\u00fcsselt und somit vor einem unbefugten Zugriff durch Dritte gesichert<\/p>\n<h2>Ihre Rechte als \u201eBetroffene\u201c<\/h2>\n<p>Sie haben das Recht auf Auskunft (Art. 15 DSGVO) \u00fcber die von uns zu Ihrer Person verarbeiteten personenbezogenen Daten. Bei einer Auskunftsanfrage, die nicht schriftlich erfolgt, bitten wir um Verst\u00e4ndnis daf\u00fcr, dass wir dann ggf. Nachweise von Ihnen verlangen, die belegen, dass Sie die Person sind, f\u00fcr die Sie sich ausgeben. Ferner haben Sie ein Recht auf Berichtigung (Art. 16 DSGVO) oder L\u00f6schung (Art. 17 DSGVO) oder auf Einschr\u00e4nkung (Art. 18 DSGVO) der Verarbeitung, soweit Ihnen dies gesetzlich zusteht. Weiters haben Sie auch ein Widerspruchsrecht (Art. 21 DSGVO) gegen die Verarbeitung im Rahmen der gesetzlichen Vorgaben. Gleiches gilt f\u00fcr ein Recht auf Daten\u00fcbertragbarkeit (Art. 20 DSGVO).<\/p>\n<h2>Beschwerderecht<\/h2>\n<p>Sie haben das Recht, sich \u00fcber die Verarbeitung personenbezogenen Daten durch uns bei einer Aufsichtsbeh\u00f6rde f\u00fcr den Datenschutz zu beschweren.<\/p>\n<h2>\u00c4nderung dieser Datenschutzhinweise<\/h2>\n<p>Wir \u00fcberarbeiten diese Datenschutzhinweise bei \u00c4nderungen im Verarbeitungsprozess oder bei sonstigen Anl\u00e4ssen, die dies erforderlich machen.<\/p>\n<p>Die jeweils aktuelle Fassung der Datenschutzhinweise f\u00fcr Terminbuchungen finden Sie stets auf dieser Internetseite.<\/p>\n<p>Stand: 06.09.2024[\/vc_column_text][\/vc_column][\/vc_row]<\/p>\n<\/div>","protected":false},"excerpt":{"rendered":"<p>[vc_row unlock_row_content=&#8220;yes&#8220; row_height_percent=&#8220;0&#8243; override_padding=&#8220;yes&#8220; h_padding=&#8220;0&#8243; top_padding=&#8220;0&#8243; bottom_padding=&#8220;0&#8243; overlay_alpha=&#8220;50&#8243; gutter_size=&#8220;3&#8243; column_width_percent=&#8220;100&#8243; shift_y=&#8220;0&#8243; z_index=&#8220;0&#8243; uncode_shortcode_id=&#8220;209817&#8243;][vc_column width=&#8220;1\/1&#8243;][uncode_block id=&#8220;1125&#8243;][\/vc_column][\/vc_row][vc_row unlock_row_content=&#8220;yes&#8220; row_height_percent=&#8220;0&#8243; override_padding=&#8220;yes&#8220; h_padding=&#8220;0&#8243; top_padding=&#8220;0&#8243; [&hellip;]<\/p>\n","protected":false},"author":1,"featured_media":0,"parent":0,"menu_order":0,"comment_status":"closed","ping_status":"closed","template":"","meta":{"footnotes":""},"class_list":["post-519","page","type-page","status-publish","hentry"],"yoast_head":"<!-- This site is optimized with the Yoast SEO Premium plugin v27.3 (Yoast SEO v27.5) - https:\/\/yoast.com\/product\/yoast-seo-premium-wordpress\/ -->\n<title>Datenschutz - Terminbuchung &#8211; Abseher Technology<\/title>\n<meta name=\"description\" content=\"Auf dieser Seite finden Sie alle Details zum Schutz Ihrer pers\u00f6nlichen Daten, die wir im Zuge der elektronischen Terminbuchung erfassen.\" \/>\n<meta name=\"robots\" content=\"index, follow, max-snippet:-1, max-image-preview:large, max-video-preview:-1\" \/>\n<link rel=\"canonical\" href=\"https:\/\/www.abseher-technology.com\/de\/datenschutz-terminbuchung\/\" \/>\n<meta property=\"og:locale\" content=\"de_DE\" \/>\n<meta property=\"og:type\" content=\"article\" \/>\n<meta property=\"og:title\" content=\"Datenschutz - Terminbuchung\" \/>\n<meta property=\"og:description\" content=\"Auf dieser Seite finden Sie alle Details zum Schutz Ihrer pers\u00f6nlichen Daten, die wir im Zuge der elektronischen Terminbuchung erfassen.\" \/>\n<meta property=\"og:url\" content=\"https:\/\/www.abseher-technology.com\/de\/datenschutz-terminbuchung\/\" \/>\n<meta property=\"og:site_name\" content=\"Abseher Technology\" \/>\n<meta property=\"article:publisher\" content=\"https:\/\/www.facebook.com\/abseher.technology\" \/>\n<meta property=\"article:modified_time\" content=\"2024-09-06T14:11:39+00:00\" \/>\n<meta property=\"og:image\" content=\"https:\/\/www.abseher-technology.com\/wp-content\/uploads\/2022\/05\/Logo_Abseher_Technology_OpenGraph.png\" \/>\n\t<meta property=\"og:image:width\" content=\"1200\" \/>\n\t<meta property=\"og:image:height\" content=\"630\" \/>\n\t<meta property=\"og:image:type\" content=\"image\/png\" \/>\n<meta name=\"twitter:card\" content=\"summary_large_image\" \/>\n<meta name=\"twitter:site\" content=\"@AbseherTech\" \/>\n<meta name=\"twitter:label1\" content=\"Gesch\u00e4tzte Lesezeit\" \/>\n\t<meta name=\"twitter:data1\" content=\"7\u00a0Minuten\" \/>\n<script type=\"application\/ld+json\" class=\"yoast-schema-graph\">{\"@context\":\"https:\\\/\\\/schema.org\",\"@graph\":[{\"@type\":\"WebPage\",\"@id\":\"https:\\\/\\\/www.abseher-technology.com\\\/de\\\/datenschutz-terminbuchung\\\/\",\"url\":\"https:\\\/\\\/www.abseher-technology.com\\\/de\\\/datenschutz-terminbuchung\\\/\",\"name\":\"Datenschutz - Terminbuchung &#8211; Abseher Technology\",\"isPartOf\":{\"@id\":\"https:\\\/\\\/www.abseher-technology.com\\\/de\\\/#website\"},\"datePublished\":\"2021-10-25T18:31:40+00:00\",\"dateModified\":\"2024-09-06T14:11:39+00:00\",\"description\":\"Auf dieser Seite finden Sie alle Details zum Schutz Ihrer pers\u00f6nlichen Daten, die wir im Zuge der elektronischen Terminbuchung erfassen.\",\"breadcrumb\":{\"@id\":\"https:\\\/\\\/www.abseher-technology.com\\\/de\\\/datenschutz-terminbuchung\\\/#breadcrumb\"},\"inLanguage\":\"de\",\"potentialAction\":[{\"@type\":\"ReadAction\",\"target\":[\"https:\\\/\\\/www.abseher-technology.com\\\/de\\\/datenschutz-terminbuchung\\\/\"]}]},{\"@type\":\"BreadcrumbList\",\"@id\":\"https:\\\/\\\/www.abseher-technology.com\\\/de\\\/datenschutz-terminbuchung\\\/#breadcrumb\",\"itemListElement\":[{\"@type\":\"ListItem\",\"position\":1,\"name\":\"Home\",\"item\":\"https:\\\/\\\/www.abseher-technology.com\\\/de\\\/\"},{\"@type\":\"ListItem\",\"position\":2,\"name\":\"Datenschutz &#8211; Terminbuchung\"}]},{\"@type\":\"WebSite\",\"@id\":\"https:\\\/\\\/www.abseher-technology.com\\\/de\\\/#website\",\"url\":\"https:\\\/\\\/www.abseher-technology.com\\\/de\\\/\",\"name\":\"Abseher Technology\",\"description\":\"\",\"publisher\":{\"@id\":\"https:\\\/\\\/www.abseher-technology.com\\\/de\\\/#organization\"},\"potentialAction\":[{\"@type\":\"SearchAction\",\"target\":{\"@type\":\"EntryPoint\",\"urlTemplate\":\"https:\\\/\\\/www.abseher-technology.com\\\/de\\\/?s={search_term_string}\"},\"query-input\":{\"@type\":\"PropertyValueSpecification\",\"valueRequired\":true,\"valueName\":\"search_term_string\"}}],\"inLanguage\":\"de\"},{\"@type\":\"Organization\",\"@id\":\"https:\\\/\\\/www.abseher-technology.com\\\/de\\\/#organization\",\"name\":\"Abseher Technology GmbH\",\"url\":\"https:\\\/\\\/www.abseher-technology.com\\\/de\\\/\",\"logo\":{\"@type\":\"ImageObject\",\"inLanguage\":\"de\",\"@id\":\"https:\\\/\\\/www.abseher-technology.com\\\/de\\\/#\\\/schema\\\/logo\\\/image\\\/\",\"url\":\"https:\\\/\\\/www.abseher-technology.com\\\/wp-content\\\/uploads\\\/logo_abseher_technology_dark_font_square.svg\",\"contentUrl\":\"https:\\\/\\\/www.abseher-technology.com\\\/wp-content\\\/uploads\\\/logo_abseher_technology_dark_font_square.svg\",\"width\":\"210\",\"height\":\"210\",\"caption\":\"Abseher Technology GmbH\"},\"image\":{\"@id\":\"https:\\\/\\\/www.abseher-technology.com\\\/de\\\/#\\\/schema\\\/logo\\\/image\\\/\"},\"sameAs\":[\"https:\\\/\\\/www.facebook.com\\\/abseher.technology\",\"https:\\\/\\\/x.com\\\/AbseherTech\"],\"description\":\"Abseher Technology ist Ihr kompetenter, lokaler Partner f\u00fcr alle Anliegen rund um Ihre wertvolle IT-Infrastruktur.\",\"email\":\"office@abseher-technology.com\",\"telephone\":\"+436642477123\",\"legalName\":\"Abseher Technology GmbH\",\"foundingDate\":\"2021-02-13\",\"vatID\":\"ATU76691046\",\"duns\":\"30-064-1568\"}]}<\/script>\n<!-- \/ Yoast SEO Premium plugin. -->","yoast_head_json":{"title":"Datenschutz - Terminbuchung &#8211; Abseher Technology","description":"Auf dieser Seite finden Sie alle Details zum Schutz Ihrer pers\u00f6nlichen Daten, die wir im Zuge der elektronischen Terminbuchung erfassen.","robots":{"index":"index","follow":"follow","max-snippet":"max-snippet:-1","max-image-preview":"max-image-preview:large","max-video-preview":"max-video-preview:-1"},"canonical":"https:\/\/www.abseher-technology.com\/de\/datenschutz-terminbuchung\/","og_locale":"de_DE","og_type":"article","og_title":"Datenschutz - Terminbuchung","og_description":"Auf dieser Seite finden Sie alle Details zum Schutz Ihrer pers\u00f6nlichen Daten, die wir im Zuge der elektronischen Terminbuchung erfassen.","og_url":"https:\/\/www.abseher-technology.com\/de\/datenschutz-terminbuchung\/","og_site_name":"Abseher Technology","article_publisher":"https:\/\/www.facebook.com\/abseher.technology","article_modified_time":"2024-09-06T14:11:39+00:00","og_image":[{"width":1200,"height":630,"url":"https:\/\/www.abseher-technology.com\/wp-content\/uploads\/2022\/05\/Logo_Abseher_Technology_OpenGraph.png","type":"image\/png"}],"twitter_card":"summary_large_image","twitter_site":"@AbseherTech","twitter_misc":{"Gesch\u00e4tzte Lesezeit":"7\u00a0Minuten"},"schema":{"@context":"https:\/\/schema.org","@graph":[{"@type":"WebPage","@id":"https:\/\/www.abseher-technology.com\/de\/datenschutz-terminbuchung\/","url":"https:\/\/www.abseher-technology.com\/de\/datenschutz-terminbuchung\/","name":"Datenschutz - Terminbuchung &#8211; Abseher Technology","isPartOf":{"@id":"https:\/\/www.abseher-technology.com\/de\/#website"},"datePublished":"2021-10-25T18:31:40+00:00","dateModified":"2024-09-06T14:11:39+00:00","description":"Auf dieser Seite finden Sie alle Details zum Schutz Ihrer pers\u00f6nlichen Daten, die wir im Zuge der elektronischen Terminbuchung erfassen.","breadcrumb":{"@id":"https:\/\/www.abseher-technology.com\/de\/datenschutz-terminbuchung\/#breadcrumb"},"inLanguage":"de","potentialAction":[{"@type":"ReadAction","target":["https:\/\/www.abseher-technology.com\/de\/datenschutz-terminbuchung\/"]}]},{"@type":"BreadcrumbList","@id":"https:\/\/www.abseher-technology.com\/de\/datenschutz-terminbuchung\/#breadcrumb","itemListElement":[{"@type":"ListItem","position":1,"name":"Home","item":"https:\/\/www.abseher-technology.com\/de\/"},{"@type":"ListItem","position":2,"name":"Datenschutz &#8211; Terminbuchung"}]},{"@type":"WebSite","@id":"https:\/\/www.abseher-technology.com\/de\/#website","url":"https:\/\/www.abseher-technology.com\/de\/","name":"Abseher Technology","description":"","publisher":{"@id":"https:\/\/www.abseher-technology.com\/de\/#organization"},"potentialAction":[{"@type":"SearchAction","target":{"@type":"EntryPoint","urlTemplate":"https:\/\/www.abseher-technology.com\/de\/?s={search_term_string}"},"query-input":{"@type":"PropertyValueSpecification","valueRequired":true,"valueName":"search_term_string"}}],"inLanguage":"de"},{"@type":"Organization","@id":"https:\/\/www.abseher-technology.com\/de\/#organization","name":"Abseher Technology GmbH","url":"https:\/\/www.abseher-technology.com\/de\/","logo":{"@type":"ImageObject","inLanguage":"de","@id":"https:\/\/www.abseher-technology.com\/de\/#\/schema\/logo\/image\/","url":"https:\/\/www.abseher-technology.com\/wp-content\/uploads\/logo_abseher_technology_dark_font_square.svg","contentUrl":"https:\/\/www.abseher-technology.com\/wp-content\/uploads\/logo_abseher_technology_dark_font_square.svg","width":"210","height":"210","caption":"Abseher Technology GmbH"},"image":{"@id":"https:\/\/www.abseher-technology.com\/de\/#\/schema\/logo\/image\/"},"sameAs":["https:\/\/www.facebook.com\/abseher.technology","https:\/\/x.com\/AbseherTech"],"description":"Abseher Technology ist Ihr kompetenter, lokaler Partner f\u00fcr alle Anliegen rund um Ihre wertvolle IT-Infrastruktur.","email":"office@abseher-technology.com","telephone":"+436642477123","legalName":"Abseher Technology GmbH","foundingDate":"2021-02-13","vatID":"ATU76691046","duns":"30-064-1568"}]}},"_links":{"self":[{"href":"https:\/\/www.abseher-technology.com\/de\/wp-json\/wp\/v2\/pages\/519","targetHints":{"allow":["GET"]}}],"collection":[{"href":"https:\/\/www.abseher-technology.com\/de\/wp-json\/wp\/v2\/pages"}],"about":[{"href":"https:\/\/www.abseher-technology.com\/de\/wp-json\/wp\/v2\/types\/page"}],"author":[{"embeddable":true,"href":"https:\/\/www.abseher-technology.com\/de\/wp-json\/wp\/v2\/users\/1"}],"replies":[{"embeddable":true,"href":"https:\/\/www.abseher-technology.com\/de\/wp-json\/wp\/v2\/comments?post=519"}],"version-history":[{"count":0,"href":"https:\/\/www.abseher-technology.com\/de\/wp-json\/wp\/v2\/pages\/519\/revisions"}],"wp:attachment":[{"href":"https:\/\/www.abseher-technology.com\/de\/wp-json\/wp\/v2\/media?parent=519"}],"curies":[{"name":"wp","href":"https:\/\/api.w.org\/{rel}","templated":true}]}}