{"id":47,"date":"2021-05-21T17:43:43","date_gmt":"2021-05-21T15:43:43","guid":{"rendered":"https:\/\/www.abseher-technology.com\/?page_id=47"},"modified":"2024-09-06T08:01:03","modified_gmt":"2024-09-06T06:01:03","slug":"impressum","status":"publish","type":"page","link":"https:\/\/www.abseher-technology.com\/de\/impressum\/","title":{"rendered":"Impressum"},"content":{"rendered":"<div class=\"wpb-content-wrapper\"><p>[vc_row unlock_row_content=&#8220;yes&#8220; row_height_percent=&#8220;0&#8243; override_padding=&#8220;yes&#8220; h_padding=&#8220;0&#8243; top_padding=&#8220;0&#8243; bottom_padding=&#8220;0&#8243; overlay_alpha=&#8220;50&#8243; gutter_size=&#8220;3&#8243; column_width_percent=&#8220;100&#8243; shift_y=&#8220;0&#8243; z_index=&#8220;0&#8243; uncode_shortcode_id=&#8220;167275&#8243;][vc_column width=&#8220;1\/1&#8243;][uncode_block id=&#8220;1125&#8243;][\/vc_column][\/vc_row][vc_row unlock_row_content=&#8220;yes&#8220; row_height_percent=&#8220;0&#8243; override_padding=&#8220;yes&#8220; h_padding=&#8220;0&#8243; top_padding=&#8220;0&#8243; bottom_padding=&#8220;0&#8243; overlay_alpha=&#8220;100&#8243; gutter_size=&#8220;0&#8243; column_width_percent=&#8220;0&#8243; shift_y=&#8220;0&#8243; z_index=&#8220;0&#8243; enable_top_divider=&#8220;default&#8220; top_divider=&#8220;gradient&#8220; shape_top_h_use_pixel=&#8220;true&#8220; shape_top_height_percent=&#8220;100&#8243; shape_top_color=&#8220;color-568355&#8243; shape_top_opacity=&#8220;100&#8243; shape_top_index=&#8220;0&#8243; css=&#8220;.vc_custom_1630074080043{margin-top: 0px !important;margin-bottom: 0px !important;border-top-width: 0px !important;border-right-width: 0px !important;border-left-width: 0px !important;padding-top: 0px !important;}&#8220; uncode_shortcode_id=&#8220;163293&#8243; shape_top_color_type=&#8220;uncode-palette&#8220;][vc_column column_width_percent=&#8220;100&#8243; gutter_size=&#8220;0&#8243; overlay_alpha=&#8220;50&#8243; shift_x=&#8220;0&#8243; shift_y=&#8220;0&#8243; shift_y_down=&#8220;0&#8243; z_index=&#8220;0&#8243; medium_width=&#8220;0&#8243; mobile_width=&#8220;0&#8243; width=&#8220;1\/1&#8243;][vc_empty_space empty_h=&#8220;1&#8243;][\/vc_column][\/vc_row][vc_row unlock_row_content=&#8220;yes&#8220; row_height_percent=&#8220;0&#8243; override_padding=&#8220;yes&#8220; h_padding=&#8220;0&#8243; top_padding=&#8220;0&#8243; bottom_padding=&#8220;0&#8243; overlay_alpha=&#8220;50&#8243; gutter_size=&#8220;3&#8243; column_width_percent=&#8220;100&#8243; shift_y=&#8220;0&#8243; z_index=&#8220;0&#8243; uncode_shortcode_id=&#8220;161866&#8243;][vc_column width=&#8220;1\/1&#8243;][uncode_block id=&#8220;1117&#8243;][\/vc_column][\/vc_row][vc_row row_height_percent=&#8220;0&#8243; override_padding=&#8220;yes&#8220; h_padding=&#8220;2&#8243; top_padding=&#8220;0&#8243; bottom_padding=&#8220;0&#8243; overlay_alpha=&#8220;50&#8243; gutter_size=&#8220;3&#8243; column_width_percent=&#8220;100&#8243; shift_y=&#8220;0&#8243; z_index=&#8220;0&#8243; uncode_shortcode_id=&#8220;155988&#8243; css=&#8220;.vc_custom_1664523655926{margin-top: 1em !important;}&#8220;][vc_column width=&#8220;1\/1&#8243;][vc_custom_heading heading_semantic=&#8220;h1&#8243; text_size=&#8220;h1&#8243; uncode_shortcode_id=&#8220;135178&#8243;]Impressum &amp; Copyright[\/vc_custom_heading][\/vc_column][\/vc_row][vc_row row_height_percent=&#8220;0&#8243; override_padding=&#8220;yes&#8220; h_padding=&#8220;2&#8243; top_padding=&#8220;2&#8243; bottom_padding=&#8220;4&#8243; overlay_alpha=&#8220;50&#8243; gutter_size=&#8220;3&#8243; column_width_percent=&#8220;100&#8243; shift_y=&#8220;0&#8243; z_index=&#8220;0&#8243; uncode_shortcode_id=&#8220;247090&#8243;][vc_column width=&#8220;1\/2&#8243;][vc_column_text uncode_shortcode_id=&#8220;444406&#8243;]<\/p>\n<h2>Information<\/h2>\n<p>Inhalte, Design und sonstige Bestandteile dieser Internetpr\u00e4senz sind urheberrechtlich gesch\u00fctzt, Copyright \u00a9 Abseher Technology GmbH<span id=\"time\"><\/span>. Alle Rechte sind vorbehalten. Die unberechtigte Vervielf\u00e4ltigung, Nutzung, Speicherung, Wiedergabe, Verwendung und\/oder Modifizierung ist ausdr\u00fccklich untersagt und wird in jedem Fall straf- und\/oder zivilrechtlich verfolgt.<\/p>\n<p>Alle auf diesem Internetangebot bereitgestellten Informationen wurden sorgf\u00e4ltig gepr\u00fcft und werden laufend aktualisiert. Eine Garantie f\u00fcr die Vollst\u00e4ndigkeit, Richtigkeit und letzte Aktualit\u00e4t der Inhalte kann jedoch nicht \u00fcbernommen werden.<\/p>\n<p>Es gelten ausschlie\u00dflich unsere <a href=\"https:\/\/www.abseher-technology.com\/de\/allgemeine-geschaeftsbedingungen\/\">Allgemeinen Gesch\u00e4ftsbedingungen<\/a> f\u00fcr private und gewerbliche Kunden. Bitte beachten Sie auch die weiterf\u00fchrenden Erl\u00e4uterungen zu den Themen <a href=\"https:\/\/www.abseher-technology.com\/de\/datenschutz\/\">Datenschutz<\/a> und <a href=\"https:\/\/www.abseher-technology.com\/de\/haftungsausschluss\/\">Haftungsausschluss<\/a>.<\/p>\n<p>&nbsp;<\/p>\n<p><strong>Gestaltung und Produktion:<\/strong><br \/>\n<img decoding=\"async\" class=\"wp-image-184 alignleft\" title=\"Abseher Technology GmbH\" src=\"https:\/\/www.abseher-technology.com\/wp-content\/uploads\/2021\/06\/Logo_Abseher_Technology_dark_font.svg\" alt=\"Logo Abseher Technology\" width=\"320\" style=\"margin-bottom: 4em;\" srcset=\"https:\/\/www.abseher-technology.com\/wp-content\/uploads\/Logo_Abseher_Technology_dark_font.svg 150w, https:\/\/www.abseher-technology.com\/wp-content\/uploads\/Logo_Abseher_Technology_dark_font.svg 300w, https:\/\/www.abseher-technology.com\/wp-content\/uploads\/Logo_Abseher_Technology_dark_font.svg 768w, https:\/\/www.abseher-technology.com\/wp-content\/uploads\/Logo_Abseher_Technology_dark_font.svg 1024w, https:\/\/www.abseher-technology.com\/wp-content\/uploads\/Logo_Abseher_Technology_dark_font.svg 793w\" sizes=\"(max-width: 793px) 100vw, 793px\" \/>[\/vc_column_text][\/vc_column][vc_column width=&#8220;1\/2&#8243;][vc_raw_html]JTNDaDIlM0VVbnRlcm5laG1lbnNkZXRhaWxzJTNDJTJGaDIlM0UlMEElM0NwJTNFJTNDc3Ryb25nJTNFRmlybWVubmFtZSUzQSUzQyUyRnN0cm9uZyUzRSUyMEFic2VoZXIlMjBUZWNobm9sb2d5JTIwR21iSCUzQyUyRnAlM0UlMEElMEElM0NwJTNFJTNDc3Ryb25nJTNFQW5zY2hyaWZ0JTNBJTNDJTJGc3Ryb25nJTNFJTIwV2llc2JvZGVuJTIwMjUlMkMlMjAyODIwJTIwV2FscGVyc2JhY2glM0MlMkZwJTNFJTBBJTBBJTNDcCUzRSUzQ3N0cm9uZyUzRVRlbGVmb24lM0ElMjAlM0MlMkZzdHJvbmclM0UlM0NhJTIwY2xhc3MlM0QlMjJtYXRvbW8tZ29hbCUyMiUyMGhyZWYlM0QlMjJ0ZWwlM0ElMkI0MzY2NDI0NzcxMjMlMjIlMjBkYXRhLW1hdG9tby1nb2FsJTNEJTIyMyUyMiUzRSUyQjQzJTIwJTJGJTIwNjY0JTIwJTJGJTIwMjQlMjA3NyUyMDEyMyUzQyUyRmElM0UlM0MlMkZwJTNFJTBBJTBBJTNDcCUzRSUzQ3N0cm9uZyUzRUUtTWFpbCUzQSUyMCUzQyUyRnN0cm9uZyUzRSUzQ2ElMjBjbGFzcyUzRCUyMm1hdG9tby1nb2FsJTIyJTIwaHJlZiUzRCUyMm1haWx0byUzQW9mZmljZSU0MGFic2VoZXItdGVjaG5vbG9neS5jb20lMjIlMjBkYXRhLW1hdG9tby1nb2FsJTNEJTIyMSUyMiUzRW9mZmljZSU0MGFic2VoZXItdGVjaG5vbG9neS5jb20lM0MlMkZhJTNFJTNDJTJGcCUzRSUwQSUwQSUzQ2JyJTJGJTNFJTBBJTBBJTNDcCUzRSUzQ3N0cm9uZyUzRUdlc2NoJUMzJUE0ZnRzZiVDMyVCQ2hydW5nJTNBJTNDJTJGc3Ryb25nJTNFJTIwREklMjBEci4lMjBNaWNoYWVsJTIwQWJzZWhlciUzQyUyRnAlM0UlMEElMEElM0NwJTNFJTNDc3Ryb25nJTNFSW5oYWx0bGljaGUlMjBWZXJhbnR3b3J0dW5nJTNBJTNDJTJGc3Ryb25nJTNFJTIwREklMjBEci4lMjBNaWNoYWVsJTIwQWJzZWhlciUzQyUyRnAlM0UlMEElMEElM0NwJTNFJTNDc3Ryb25nJTNFRmlybWVuYnVjaG51bW1lciUzQSUzQyUyRnN0cm9uZyUzRSUyMEZOJTIwNTUwMjczJTIwYSUzQyUyRnAlM0UlMEElMEElM0NwJTNFJTNDc3Ryb25nJTNFVUlELU51bW1lciUzQSUzQyUyRnN0cm9uZyUzRSUyMEFUVTc2NjkxMDQ2JTNDJTJGcCUzRSUwQSUwQSUzQ3AlM0UlM0NzdHJvbmclM0VHZXNjaCVDMyVBNGZ0c3p3ZWlnZSUzQSUzQyUyRnN0cm9uZyUzRSUwQSUzQ3VsJTIwc3R5bGUlM0QlMjJtYXJnaW4tdG9wJTNBJTIwMGVtJTNCJTIyJTNFJTBBJTIwJTA5JTNDbGklM0VJVC1EaWVuc3RsZWlzdHVuZyUzQyUyRmxpJTNFJTBBJTIwJTA5JTNDbGklM0VIYW5kZWwlMjBtaXQlMjBDb21wdXRlcm4lMjB1bmQlMjBDb21wdXRlcnN5c3RlbWVuJTNDJTJGbGklM0UlMEElMjAlMDklM0NsaSUzRUhhbmRlbCUyMG1pdCUyMHRlY2huaXNjaGVtJTIwdW5kJTIwaW5kdXN0cmllbGxlbSUyMEJlZGFyZiUzQyUyRmxpJTNFJTBBJTNDJTJGdWwlM0UlM0MlMkZwJTNFJTBBJTNDcCUzRSUzQ3N0cm9uZyUzRUZpcm1lbmdlcmljaHQlM0ElM0MlMkZzdHJvbmclM0UlMjBMYW5kZXNnZXJpY2h0JTIwV2llbmVyJTIwTmV1c3RhZHQlM0MlMkZwJTNFJTBBJTBBJTNDYnIlMkYlM0UlMEElM0NwJTNFJTNDZGl2JTIwc3R5bGUlM0QlMjJtYXJnaW4lM0ElMjAxOHB4JTIwMCUyMDAlM0IlMjBkaXNwbGF5JTNBJTIwdGFibGUlM0IlMjIlM0UlM0NhJTIwY2xhc3MlM0QlMjJpbWFnZS1saW5rJTIyJTIwc3R5bGUlM0QlMjJkaXNwbGF5JTNBJTIwdGFibGUtY2VsbCUzQiUyMHZlcnRpY2FsLWFsaWduJTNBJTIwbWlkZGxlJTNCJTIyJTIwaHJlZiUzRCUyMmh0dHBzJTNBJTJGJTJGZmlybWVuLndrby5hdCUyRmFic2VoZXItdGVjaG5vbG9neS1nbWJoJTJGbmllZGVyJTI1QzMlMjVCNnN0ZXJyZWljaCUyRiUzRmZpcm1haWQlM0QxZDE1OWQzNS03MjkzLTQ1MmYtYmQ2Yy05YTQyNmEzMTI1ZTYlMjIlMjB0YXJnZXQlM0QlMjJfYmxhbmslMjIlMjByZWwlM0QlMjJleHRlcm5hbCUyMG5vb3BlbmVyJTIwbm9yZWZlcnJlciUyMG5vZm9sbG93JTIyJTNFJTNDaW1nJTIwc3R5bGUlM0QlMjJoZWlnaHQlM0ElMjAxLjRlbSUzQiUyMHZlcnRpY2FsLWFsaWduJTNBJTIwbWlkZGxlJTNCJTIyJTIwc3JjJTNEJTIyaHR0cHMlM0ElMkYlMkZ3d3cuYWJzZWhlci10ZWNobm9sb2d5LmNvbSUyRndwLWNvbnRlbnQlMkZ1cGxvYWRzJTJGMjAyMSUyRjA2JTJGTG9nb19XS08uc3ZnJTIyJTIwYWx0JTNEJTIyTG9nbyUyMFdLTyUyMiUyMCUyRiUzRSUzQyUyRmElM0UlM0NzcGFuJTIwc3R5bGUlM0QlMjJkaXNwbGF5JTNBJTIwdGFibGUtY2VsbCUzQiUyMiUzRSVDMiVBMCUzQyUyRnNwYW4lM0UlM0NhJTIwc3R5bGUlM0QlMjJkaXNwbGF5JTNBJTIwdGFibGUtY2VsbCUzQiUyMHZlcnRpY2FsLWFsaWduJTNBJTIwbWlkZGxlJTNCJTIwbWFyZ2luLWxlZnQlM0ElMjAwLjI1ZW0lM0IlMjIlMjBocmVmJTNEJTIyaHR0cHMlM0ElMkYlMkZmaXJtZW4ud2tvLmF0JTJGYWJzZWhlci10ZWNobm9sb2d5LWdtYmglMkZuaWVkZXIlMjVDMyUyNUI2c3RlcnJlaWNoJTJGJTNGZmlybWFpZCUzRDFkMTU5ZDM1LTcyOTMtNDUyZi1iZDZjLTlhNDI2YTMxMjVlNiUyMiUyMHRhcmdldCUzRCUyMl9ibGFuayUyMiUyMHJlbCUzRCUyMmV4dGVybmFsJTIwbm9vcGVuZXIlMjBub3JlZmVycmVyJTIwbm9mb2xsb3clMjIlM0VJbmZvcm1hdGlvbnNwZmxpY2h0JTIwZ2VtJUMzJUE0JUMzJTlGJTIwRS1Db21tZXJjZWdlc2V0eiUyMCUyOEVDRyUyOSUzQyUyRmElM0UlM0MlMkZkaXYlM0UlM0MlMkZwJTNF[\/vc_raw_html][\/vc_column][\/vc_row]<\/p>\n<\/div>","protected":false},"excerpt":{"rendered":"<p>[vc_row unlock_row_content=&#8220;yes&#8220; row_height_percent=&#8220;0&#8243; override_padding=&#8220;yes&#8220; h_padding=&#8220;0&#8243; top_padding=&#8220;0&#8243; bottom_padding=&#8220;0&#8243; overlay_alpha=&#8220;50&#8243; gutter_size=&#8220;3&#8243; column_width_percent=&#8220;100&#8243; shift_y=&#8220;0&#8243; z_index=&#8220;0&#8243; uncode_shortcode_id=&#8220;167275&#8243;][vc_column width=&#8220;1\/1&#8243;][uncode_block id=&#8220;1125&#8243;][\/vc_column][\/vc_row][vc_row unlock_row_content=&#8220;yes&#8220; row_height_percent=&#8220;0&#8243; override_padding=&#8220;yes&#8220; h_padding=&#8220;0&#8243; top_padding=&#8220;0&#8243; [&hellip;]<\/p>\n","protected":false},"author":1,"featured_media":0,"parent":0,"menu_order":0,"comment_status":"closed","ping_status":"closed","template":"","meta":{"footnotes":""},"class_list":["post-47","page","type-page","status-publish","hentry"],"yoast_head":"<!-- This site is optimized with the Yoast SEO Premium plugin v27.3 (Yoast SEO v27.5) - https:\/\/yoast.com\/product\/yoast-seo-premium-wordpress\/ -->\n<title>Impressum &#8211; Abseher Technology<\/title>\n<meta name=\"description\" content=\"Auf dieser Seite finden Sie das Impressum des Webauftritts von Abseher Technology sowie n\u00e4here Informationen zum Copyright.\" \/>\n<meta name=\"robots\" content=\"index, follow, max-snippet:-1, max-image-preview:large, max-video-preview:-1\" \/>\n<link rel=\"canonical\" href=\"https:\/\/www.abseher-technology.com\/de\/impressum\/\" \/>\n<meta property=\"og:locale\" content=\"de_DE\" \/>\n<meta property=\"og:type\" content=\"article\" \/>\n<meta property=\"og:title\" content=\"Impressum\" \/>\n<meta property=\"og:description\" content=\"Auf dieser Seite finden Sie das Impressum des Webauftritts von Abseher Technology sowie n\u00e4here Informationen zum Copyright.\" \/>\n<meta property=\"og:url\" content=\"https:\/\/www.abseher-technology.com\/de\/impressum\/\" \/>\n<meta property=\"og:site_name\" content=\"Abseher Technology\" \/>\n<meta property=\"article:publisher\" content=\"https:\/\/www.facebook.com\/abseher.technology\" \/>\n<meta property=\"article:modified_time\" content=\"2024-09-06T06:01:03+00:00\" \/>\n<meta property=\"og:image\" content=\"https:\/\/www.abseher-technology.com\/wp-content\/uploads\/2021\/06\/Logo_Abseher_Technology_dark_font.svg\" \/>\n<meta name=\"twitter:card\" content=\"summary_large_image\" \/>\n<meta name=\"twitter:site\" content=\"@AbseherTech\" \/>\n<meta name=\"twitter:label1\" content=\"Gesch\u00e4tzte Lesezeit\" \/>\n\t<meta name=\"twitter:data1\" content=\"2\u00a0Minuten\" \/>\n<script type=\"application\/ld+json\" class=\"yoast-schema-graph\">{\"@context\":\"https:\\\/\\\/schema.org\",\"@graph\":[{\"@type\":\"WebPage\",\"@id\":\"https:\\\/\\\/www.abseher-technology.com\\\/de\\\/impressum\\\/\",\"url\":\"https:\\\/\\\/www.abseher-technology.com\\\/de\\\/impressum\\\/\",\"name\":\"Impressum &#8211; Abseher Technology\",\"isPartOf\":{\"@id\":\"https:\\\/\\\/www.abseher-technology.com\\\/de\\\/#website\"},\"primaryImageOfPage\":{\"@id\":\"https:\\\/\\\/www.abseher-technology.com\\\/de\\\/impressum\\\/#primaryimage\"},\"image\":{\"@id\":\"https:\\\/\\\/www.abseher-technology.com\\\/de\\\/impressum\\\/#primaryimage\"},\"thumbnailUrl\":\"https:\\\/\\\/www.abseher-technology.com\\\/wp-content\\\/uploads\\\/2021\\\/06\\\/Logo_Abseher_Technology_dark_font.svg\",\"datePublished\":\"2021-05-21T15:43:43+00:00\",\"dateModified\":\"2024-09-06T06:01:03+00:00\",\"description\":\"Auf dieser Seite finden Sie das Impressum des Webauftritts von Abseher Technology sowie n\u00e4here Informationen zum Copyright.\",\"breadcrumb\":{\"@id\":\"https:\\\/\\\/www.abseher-technology.com\\\/de\\\/impressum\\\/#breadcrumb\"},\"inLanguage\":\"de\",\"potentialAction\":[{\"@type\":\"ReadAction\",\"target\":[\"https:\\\/\\\/www.abseher-technology.com\\\/de\\\/impressum\\\/\"]}]},{\"@type\":\"ImageObject\",\"inLanguage\":\"de\",\"@id\":\"https:\\\/\\\/www.abseher-technology.com\\\/de\\\/impressum\\\/#primaryimage\",\"url\":\"https:\\\/\\\/www.abseher-technology.com\\\/wp-content\\\/uploads\\\/2021\\\/06\\\/Logo_Abseher_Technology_dark_font.svg\",\"contentUrl\":\"https:\\\/\\\/www.abseher-technology.com\\\/wp-content\\\/uploads\\\/2021\\\/06\\\/Logo_Abseher_Technology_dark_font.svg\"},{\"@type\":\"BreadcrumbList\",\"@id\":\"https:\\\/\\\/www.abseher-technology.com\\\/de\\\/impressum\\\/#breadcrumb\",\"itemListElement\":[{\"@type\":\"ListItem\",\"position\":1,\"name\":\"Home\",\"item\":\"https:\\\/\\\/www.abseher-technology.com\\\/de\\\/\"},{\"@type\":\"ListItem\",\"position\":2,\"name\":\"Impressum\"}]},{\"@type\":\"WebSite\",\"@id\":\"https:\\\/\\\/www.abseher-technology.com\\\/de\\\/#website\",\"url\":\"https:\\\/\\\/www.abseher-technology.com\\\/de\\\/\",\"name\":\"Abseher Technology\",\"description\":\"\",\"publisher\":{\"@id\":\"https:\\\/\\\/www.abseher-technology.com\\\/de\\\/#organization\"},\"potentialAction\":[{\"@type\":\"SearchAction\",\"target\":{\"@type\":\"EntryPoint\",\"urlTemplate\":\"https:\\\/\\\/www.abseher-technology.com\\\/de\\\/?s={search_term_string}\"},\"query-input\":{\"@type\":\"PropertyValueSpecification\",\"valueRequired\":true,\"valueName\":\"search_term_string\"}}],\"inLanguage\":\"de\"},{\"@type\":\"Organization\",\"@id\":\"https:\\\/\\\/www.abseher-technology.com\\\/de\\\/#organization\",\"name\":\"Abseher Technology GmbH\",\"url\":\"https:\\\/\\\/www.abseher-technology.com\\\/de\\\/\",\"logo\":{\"@type\":\"ImageObject\",\"inLanguage\":\"de\",\"@id\":\"https:\\\/\\\/www.abseher-technology.com\\\/de\\\/#\\\/schema\\\/logo\\\/image\\\/\",\"url\":\"https:\\\/\\\/www.abseher-technology.com\\\/wp-content\\\/uploads\\\/logo_abseher_technology_dark_font_square.svg\",\"contentUrl\":\"https:\\\/\\\/www.abseher-technology.com\\\/wp-content\\\/uploads\\\/logo_abseher_technology_dark_font_square.svg\",\"width\":\"210\",\"height\":\"210\",\"caption\":\"Abseher Technology GmbH\"},\"image\":{\"@id\":\"https:\\\/\\\/www.abseher-technology.com\\\/de\\\/#\\\/schema\\\/logo\\\/image\\\/\"},\"sameAs\":[\"https:\\\/\\\/www.facebook.com\\\/abseher.technology\",\"https:\\\/\\\/x.com\\\/AbseherTech\"],\"description\":\"Abseher Technology ist Ihr kompetenter, lokaler Partner f\u00fcr alle Anliegen rund um Ihre wertvolle IT-Infrastruktur.\",\"email\":\"office@abseher-technology.com\",\"telephone\":\"+436642477123\",\"legalName\":\"Abseher Technology GmbH\",\"foundingDate\":\"2021-02-13\",\"vatID\":\"ATU76691046\",\"duns\":\"30-064-1568\"}]}<\/script>\n<!-- \/ Yoast SEO Premium plugin. -->","yoast_head_json":{"title":"Impressum &#8211; Abseher Technology","description":"Auf dieser Seite finden Sie das Impressum des Webauftritts von Abseher Technology sowie n\u00e4here Informationen zum Copyright.","robots":{"index":"index","follow":"follow","max-snippet":"max-snippet:-1","max-image-preview":"max-image-preview:large","max-video-preview":"max-video-preview:-1"},"canonical":"https:\/\/www.abseher-technology.com\/de\/impressum\/","og_locale":"de_DE","og_type":"article","og_title":"Impressum","og_description":"Auf dieser Seite finden Sie das Impressum des Webauftritts von Abseher Technology sowie n\u00e4here Informationen zum Copyright.","og_url":"https:\/\/www.abseher-technology.com\/de\/impressum\/","og_site_name":"Abseher Technology","article_publisher":"https:\/\/www.facebook.com\/abseher.technology","article_modified_time":"2024-09-06T06:01:03+00:00","og_image":[{"url":"https:\/\/www.abseher-technology.com\/wp-content\/uploads\/2021\/06\/Logo_Abseher_Technology_dark_font.svg","type":"","width":"","height":""}],"twitter_card":"summary_large_image","twitter_site":"@AbseherTech","twitter_misc":{"Gesch\u00e4tzte Lesezeit":"2\u00a0Minuten"},"schema":{"@context":"https:\/\/schema.org","@graph":[{"@type":"WebPage","@id":"https:\/\/www.abseher-technology.com\/de\/impressum\/","url":"https:\/\/www.abseher-technology.com\/de\/impressum\/","name":"Impressum &#8211; Abseher Technology","isPartOf":{"@id":"https:\/\/www.abseher-technology.com\/de\/#website"},"primaryImageOfPage":{"@id":"https:\/\/www.abseher-technology.com\/de\/impressum\/#primaryimage"},"image":{"@id":"https:\/\/www.abseher-technology.com\/de\/impressum\/#primaryimage"},"thumbnailUrl":"https:\/\/www.abseher-technology.com\/wp-content\/uploads\/2021\/06\/Logo_Abseher_Technology_dark_font.svg","datePublished":"2021-05-21T15:43:43+00:00","dateModified":"2024-09-06T06:01:03+00:00","description":"Auf dieser Seite finden Sie das Impressum des Webauftritts von Abseher Technology sowie n\u00e4here Informationen zum Copyright.","breadcrumb":{"@id":"https:\/\/www.abseher-technology.com\/de\/impressum\/#breadcrumb"},"inLanguage":"de","potentialAction":[{"@type":"ReadAction","target":["https:\/\/www.abseher-technology.com\/de\/impressum\/"]}]},{"@type":"ImageObject","inLanguage":"de","@id":"https:\/\/www.abseher-technology.com\/de\/impressum\/#primaryimage","url":"https:\/\/www.abseher-technology.com\/wp-content\/uploads\/2021\/06\/Logo_Abseher_Technology_dark_font.svg","contentUrl":"https:\/\/www.abseher-technology.com\/wp-content\/uploads\/2021\/06\/Logo_Abseher_Technology_dark_font.svg"},{"@type":"BreadcrumbList","@id":"https:\/\/www.abseher-technology.com\/de\/impressum\/#breadcrumb","itemListElement":[{"@type":"ListItem","position":1,"name":"Home","item":"https:\/\/www.abseher-technology.com\/de\/"},{"@type":"ListItem","position":2,"name":"Impressum"}]},{"@type":"WebSite","@id":"https:\/\/www.abseher-technology.com\/de\/#website","url":"https:\/\/www.abseher-technology.com\/de\/","name":"Abseher Technology","description":"","publisher":{"@id":"https:\/\/www.abseher-technology.com\/de\/#organization"},"potentialAction":[{"@type":"SearchAction","target":{"@type":"EntryPoint","urlTemplate":"https:\/\/www.abseher-technology.com\/de\/?s={search_term_string}"},"query-input":{"@type":"PropertyValueSpecification","valueRequired":true,"valueName":"search_term_string"}}],"inLanguage":"de"},{"@type":"Organization","@id":"https:\/\/www.abseher-technology.com\/de\/#organization","name":"Abseher Technology GmbH","url":"https:\/\/www.abseher-technology.com\/de\/","logo":{"@type":"ImageObject","inLanguage":"de","@id":"https:\/\/www.abseher-technology.com\/de\/#\/schema\/logo\/image\/","url":"https:\/\/www.abseher-technology.com\/wp-content\/uploads\/logo_abseher_technology_dark_font_square.svg","contentUrl":"https:\/\/www.abseher-technology.com\/wp-content\/uploads\/logo_abseher_technology_dark_font_square.svg","width":"210","height":"210","caption":"Abseher Technology GmbH"},"image":{"@id":"https:\/\/www.abseher-technology.com\/de\/#\/schema\/logo\/image\/"},"sameAs":["https:\/\/www.facebook.com\/abseher.technology","https:\/\/x.com\/AbseherTech"],"description":"Abseher Technology ist Ihr kompetenter, lokaler Partner f\u00fcr alle Anliegen rund um Ihre wertvolle IT-Infrastruktur.","email":"office@abseher-technology.com","telephone":"+436642477123","legalName":"Abseher Technology GmbH","foundingDate":"2021-02-13","vatID":"ATU76691046","duns":"30-064-1568"}]}},"_links":{"self":[{"href":"https:\/\/www.abseher-technology.com\/de\/wp-json\/wp\/v2\/pages\/47","targetHints":{"allow":["GET"]}}],"collection":[{"href":"https:\/\/www.abseher-technology.com\/de\/wp-json\/wp\/v2\/pages"}],"about":[{"href":"https:\/\/www.abseher-technology.com\/de\/wp-json\/wp\/v2\/types\/page"}],"author":[{"embeddable":true,"href":"https:\/\/www.abseher-technology.com\/de\/wp-json\/wp\/v2\/users\/1"}],"replies":[{"embeddable":true,"href":"https:\/\/www.abseher-technology.com\/de\/wp-json\/wp\/v2\/comments?post=47"}],"version-history":[{"count":0,"href":"https:\/\/www.abseher-technology.com\/de\/wp-json\/wp\/v2\/pages\/47\/revisions"}],"wp:attachment":[{"href":"https:\/\/www.abseher-technology.com\/de\/wp-json\/wp\/v2\/media?parent=47"}],"curies":[{"name":"wp","href":"https:\/\/api.w.org\/{rel}","templated":true}]}}