{"id":236,"date":"2021-06-12T15:52:41","date_gmt":"2021-06-12T13:52:41","guid":{"rendered":"https:\/\/www.abseher-technology.com\/?page_id=236"},"modified":"2026-01-30T08:09:19","modified_gmt":"2026-01-30T07:09:19","slug":"cookies","status":"publish","type":"page","link":"https:\/\/www.abseher-technology.com\/de\/cookies\/","title":{"rendered":"Cookies"},"content":{"rendered":"<div class=\"wpb-content-wrapper\"><p>[vc_row unlock_row_content=&#8220;yes&#8220; row_height_percent=&#8220;0&#8243; override_padding=&#8220;yes&#8220; h_padding=&#8220;0&#8243; top_padding=&#8220;0&#8243; bottom_padding=&#8220;0&#8243; overlay_alpha=&#8220;50&#8243; gutter_size=&#8220;3&#8243; column_width_percent=&#8220;100&#8243; shift_y=&#8220;0&#8243; z_index=&#8220;0&#8243; uncode_shortcode_id=&#8220;678779&#8243;][vc_column width=&#8220;1\/1&#8243;][uncode_block id=&#8220;1125&#8243;][\/vc_column][\/vc_row][vc_row unlock_row_content=&#8220;yes&#8220; row_height_percent=&#8220;0&#8243; override_padding=&#8220;yes&#8220; h_padding=&#8220;0&#8243; top_padding=&#8220;0&#8243; bottom_padding=&#8220;0&#8243; overlay_alpha=&#8220;100&#8243; gutter_size=&#8220;0&#8243; column_width_percent=&#8220;0&#8243; shift_y=&#8220;0&#8243; z_index=&#8220;0&#8243; enable_top_divider=&#8220;default&#8220; top_divider=&#8220;gradient&#8220; shape_top_h_use_pixel=&#8220;true&#8220; shape_top_height_percent=&#8220;100&#8243; shape_top_color=&#8220;color-568355&#8243; shape_top_opacity=&#8220;100&#8243; shape_top_index=&#8220;0&#8243; css=&#8220;.vc_custom_1630074080043{margin-top: 0px !important;margin-bottom: 0px !important;border-top-width: 0px !important;border-right-width: 0px !important;border-left-width: 0px !important;padding-top: 0px !important;}&#8220; uncode_shortcode_id=&#8220;163293&#8243; shape_top_color_type=&#8220;uncode-palette&#8220;][vc_column column_width_percent=&#8220;100&#8243; gutter_size=&#8220;0&#8243; overlay_alpha=&#8220;50&#8243; shift_x=&#8220;0&#8243; shift_y=&#8220;0&#8243; shift_y_down=&#8220;0&#8243; z_index=&#8220;0&#8243; medium_width=&#8220;0&#8243; mobile_width=&#8220;0&#8243; width=&#8220;1\/1&#8243;][vc_empty_space empty_h=&#8220;1&#8243;][\/vc_column][\/vc_row][vc_row unlock_row_content=&#8220;yes&#8220; row_height_percent=&#8220;0&#8243; override_padding=&#8220;yes&#8220; h_padding=&#8220;0&#8243; top_padding=&#8220;0&#8243; bottom_padding=&#8220;0&#8243; overlay_alpha=&#8220;50&#8243; gutter_size=&#8220;3&#8243; column_width_percent=&#8220;100&#8243; shift_y=&#8220;0&#8243; z_index=&#8220;0&#8243; uncode_shortcode_id=&#8220;213661&#8243;][vc_column width=&#8220;1\/1&#8243;][uncode_block id=&#8220;1117&#8243;][\/vc_column][\/vc_row][vc_row row_height_percent=&#8220;0&#8243; override_padding=&#8220;yes&#8220; h_padding=&#8220;2&#8243; top_padding=&#8220;0&#8243; bottom_padding=&#8220;4&#8243; overlay_alpha=&#8220;50&#8243; gutter_size=&#8220;3&#8243; column_width_percent=&#8220;100&#8243; shift_y=&#8220;0&#8243; z_index=&#8220;0&#8243; css=&#8220;.vc_custom_1664523148035{margin-top: 1em !important;}&#8220; uncode_shortcode_id=&#8220;692652&#8243;][vc_column column_width_percent=&#8220;100&#8243; gutter_size=&#8220;3&#8243; overlay_alpha=&#8220;50&#8243; shift_x=&#8220;0&#8243; shift_y=&#8220;0&#8243; shift_y_down=&#8220;0&#8243; z_index=&#8220;0&#8243; medium_width=&#8220;0&#8243; mobile_width=&#8220;0&#8243; width=&#8220;1\/1&#8243; css=&#8220;.vc_custom_1624781708687{border-top-width: 0px !important;padding-top: 0px !important;}&#8220;][vc_column_text css=&#8220;.vc_custom_1769756954562{margin-top: 0px !important;border-top-width: 0px !important;padding-top: 0px !important;}&#8220; uncode_shortcode_id=&#8220;307303&#8243;]<\/p>\n<h1>Cookies<\/h1>\n<h2>Was ist ein Cookie?<\/h2>\n<p>Ein Cookie ist eine kleine Datei, die beim Besuch einer Website auf Ihrem System gespeichert werden kann. Sobald Sie Ihre Zustimmung erteilen, wird diese Datei im Zwischenspeicher (&#8222;Cache&#8220;) des Browsers abgelegt. Ein m\u00f6gliches Einsatzgebiet von Cookies ist das Speichern von pers\u00f6nlichen Pr\u00e4ferenzen, wie der bevorzugte Sprache oder von Datenschutzeinstellungen, um diese bei sp\u00e4teren Besuchen derselben Seite ohne erneute R\u00fcckfrage anwenden zu k\u00f6nnen. Andere wiederum erm\u00f6glichen es Ihnen, begonnene Sitzungen und darin begonnene Eingaben zu einem sp\u00e4teren Zeitpunkt fortzusetzen. Manche Cookies k\u00f6nnen auch bei der Analyse des Datenverkehrs auf der Website helfen, um den Webauftritt zu optimieren. Generell gesprochen erlauben Cookies es einer Website, individuell auf Sie als Einzelperson einzugehen. Die Webanwendung kann somit die von ihr angebotenen Dienste durch das Sammeln und Speichern von Informationen \u00fcber Ihre Pr\u00e4ferenzen an Ihre jeweiligen Bed\u00fcrfnisse anpassen. Cookies richten auf Ihrem Rechner keinen Schaden an und enthalten keine Viren.<\/p>\n<h2>Wie wir Cookies verwenden<\/h2>\n<p>Wir setzen sogenannte &#8222;Traffic Log&#8220;-Cookies ein, um zu ermitteln, welche Seiten unseres Webauftritts h\u00e4ufiger verwendet werden und an welchen Stellen Probleme auftreten. Die so gewonnenen Daten werden nur f\u00fcr statistische Analysen verwendet und dienen keinesfalls dazu, Sie als Einzelperson zu identifizieren. Eine regelm\u00e4\u00dfige Auswertung der &#8222;Traffic Logs&#8220; hilft uns, unsere Website kontinuierlich zu verbessern, um sie bestm\u00f6glich an Kundenbed\u00fcrfnisse anzupassen. Die meisten der von uns verwendeten Cookies sind sogenannte &#8222;Session-Cookies&#8220;. Diese werden nach Ende Ihres Besuchs unserer Seite automatisch gel\u00f6scht. Andere Cookies bleiben auf Ihrem Endger\u00e4t gespeichert, bis Sie diese l\u00f6schen. Diese Cookies erm\u00f6glichen es uns, Ihren Browser beim n\u00e4chsten Besuch unserer Seite wiederzuerkennen.<\/p>\n<p>Die vollst\u00e4ndige Liste aller von uns auf dieser Website eingesetzten Cookies finden Sie, gruppiert nach Ihrem Verwendungszweck, in unserer <a href=\"https:\/\/www.abseher-technology.com\/de\/datenschutz\/\">Datenschutzerkl\u00e4rung<\/a>.<\/p>\n<p>Insgesamt helfen Cookies uns, Ihnen eine bessere Website zur Verf\u00fcgung zu stellen, indem sie uns zeigen, welche der angebotenen Seiten Sie n\u00fctzlich finden und welche davon nicht. Ein Cookie erm\u00f6glicht uns in keiner Weise Zugriff auf Ihren Computer zu erlangen. Weiters k\u00f6nnen wir \u00fcber Cookies nicht auf pers\u00f6nliche Informationen von Ihnen zuzugreifen. Die einzigen Ausnahmen davon sind die F\u00e4lle, bei denen Sie explizit zustimmen, Daten mit uns zu teilen. Sie k\u00f6nnen frei w\u00e4hlen, Cookies zu akzeptieren oder abzulehnen. Die meisten Webbrowser akzeptieren automatisch Cookies, aber Sie k\u00f6nnen in der Regel Ihre Browser-Einstellungen \u00e4ndern, um dessen Umgang mit Cookies zu steuern. Bitte beachten Sie, dass bei der Deaktivierung von Cookies die Funktionalit\u00e4t dieser Website eingeschr\u00e4nkt sein kann.<\/p>\n<p>Selbstverst\u00e4ndlich achten wir immer auf den Schutz Ihrer pers\u00f6nlichen Daten. N\u00e4here Informationen hierzu finden Sie in unserer <a href=\"https:\/\/www.abseher-technology.com\/de\/datenschutz\/\">Datenschutzerkl\u00e4rung<\/a>.<\/p>\n<h2>Wie Sie mit Cookies umgehen k\u00f6nnen<\/h2>\n<p>Nachfolgend finden Sie die Verweise zu den Cookie-Einstellungen f\u00fcr die meistgenutzten Webbrowser.<\/p>\n<p><strong>Google Chrome<\/strong><\/p>\n<p>Anleitung: <a href=\"https:\/\/support.google.com\/chrome\/answer\/95647\" target=\"_blank\" rel=\"external noopener noreferrer nofollow\">Cookies in Google Chrome l\u00f6schen, aktivieren und verwalten<\/a><\/p>\n<p><strong>Apple Safari<\/strong><\/p>\n<p>Anleitung: <a href=\"https:\/\/support.apple.com\/de-at\/105082\" target=\"_blank\" rel=\"external noopener noreferrer nofollow\">Safari-Verlauf, Cache und Cookies auf dem iPhone l\u00f6schen<\/a><\/p>\n<p><strong>Mozilla Firefox<\/strong><\/p>\n<p>Anleitung: <a href=\"https:\/\/support.mozilla.org\/de\/kb\/cookies-und-website-daten-in-firefox-loschen\" target=\"_blank\" rel=\"external noopener noreferrer nofollow\">Cookies und Website-Daten in Mozilla Firefox l\u00f6schen<\/a><\/p>\n<p><strong>Microsoft Edge<\/strong><\/p>\n<p>Anleitung: <a href=\"https:\/\/support.microsoft.com\/de-de\/microsoft-edge\/cookies-in-microsoft-edge-l%C3%B6schen-63947406-40ac-c3b8-57b9-2a946a29ae09\" target=\"_blank\" rel=\"external noopener noreferrer nofollow\">Cookies in Microsoft Edge l\u00f6schen<\/a>[\/vc_column_text][\/vc_column][\/vc_row]<\/p>\n<\/div>","protected":false},"excerpt":{"rendered":"<p>[vc_row unlock_row_content=&#8220;yes&#8220; row_height_percent=&#8220;0&#8243; override_padding=&#8220;yes&#8220; h_padding=&#8220;0&#8243; top_padding=&#8220;0&#8243; bottom_padding=&#8220;0&#8243; overlay_alpha=&#8220;50&#8243; gutter_size=&#8220;3&#8243; column_width_percent=&#8220;100&#8243; shift_y=&#8220;0&#8243; z_index=&#8220;0&#8243; uncode_shortcode_id=&#8220;678779&#8243;][vc_column width=&#8220;1\/1&#8243;][uncode_block id=&#8220;1125&#8243;][\/vc_column][\/vc_row][vc_row unlock_row_content=&#8220;yes&#8220; row_height_percent=&#8220;0&#8243; override_padding=&#8220;yes&#8220; h_padding=&#8220;0&#8243; top_padding=&#8220;0&#8243; [&hellip;]<\/p>\n","protected":false},"author":1,"featured_media":0,"parent":0,"menu_order":0,"comment_status":"closed","ping_status":"closed","template":"","meta":{"footnotes":""},"class_list":["post-236","page","type-page","status-publish","hentry"],"yoast_head":"<!-- This site is optimized with the Yoast SEO Premium plugin v27.3 (Yoast SEO v27.5) - https:\/\/yoast.com\/product\/yoast-seo-premium-wordpress\/ -->\n<title>Cookies &#8211; Abseher Technology<\/title>\n<meta name=\"description\" content=\"Die Website von Abseher Technology nutzt Cookies. Hier finden Sie alle Informationen zu den erhobenen Daten und wozu diese verwendet werden.\" \/>\n<meta name=\"robots\" content=\"index, follow, max-snippet:-1, max-image-preview:large, max-video-preview:-1\" \/>\n<link rel=\"canonical\" href=\"https:\/\/www.abseher-technology.com\/de\/cookies\/\" \/>\n<meta property=\"og:locale\" content=\"de_DE\" \/>\n<meta property=\"og:type\" content=\"article\" \/>\n<meta property=\"og:title\" content=\"Cookies\" \/>\n<meta property=\"og:description\" content=\"Die Website von Abseher Technology nutzt Cookies. Hier finden Sie alle Informationen zu den erhobenen Daten und wozu diese verwendet werden.\" \/>\n<meta property=\"og:url\" content=\"https:\/\/www.abseher-technology.com\/de\/cookies\/\" \/>\n<meta property=\"og:site_name\" content=\"Abseher Technology\" \/>\n<meta property=\"article:publisher\" content=\"https:\/\/www.facebook.com\/abseher.technology\" \/>\n<meta property=\"article:modified_time\" content=\"2026-01-30T07:09:19+00:00\" \/>\n<meta property=\"og:image\" content=\"https:\/\/www.abseher-technology.com\/wp-content\/uploads\/2022\/05\/Logo_Abseher_Technology_OpenGraph.png\" \/>\n\t<meta property=\"og:image:width\" content=\"1200\" \/>\n\t<meta property=\"og:image:height\" content=\"630\" \/>\n\t<meta property=\"og:image:type\" content=\"image\/png\" \/>\n<meta name=\"twitter:card\" content=\"summary_large_image\" \/>\n<meta name=\"twitter:site\" content=\"@AbseherTech\" \/>\n<meta name=\"twitter:label1\" content=\"Gesch\u00e4tzte Lesezeit\" \/>\n\t<meta name=\"twitter:data1\" content=\"3\u00a0Minuten\" \/>\n<script type=\"application\/ld+json\" class=\"yoast-schema-graph\">{\"@context\":\"https:\\\/\\\/schema.org\",\"@graph\":[{\"@type\":\"WebPage\",\"@id\":\"https:\\\/\\\/www.abseher-technology.com\\\/de\\\/cookies\\\/\",\"url\":\"https:\\\/\\\/www.abseher-technology.com\\\/de\\\/cookies\\\/\",\"name\":\"Cookies &#8211; Abseher Technology\",\"isPartOf\":{\"@id\":\"https:\\\/\\\/www.abseher-technology.com\\\/de\\\/#website\"},\"datePublished\":\"2021-06-12T13:52:41+00:00\",\"dateModified\":\"2026-01-30T07:09:19+00:00\",\"description\":\"Die Website von Abseher Technology nutzt Cookies. Hier finden Sie alle Informationen zu den erhobenen Daten und wozu diese verwendet werden.\",\"breadcrumb\":{\"@id\":\"https:\\\/\\\/www.abseher-technology.com\\\/de\\\/cookies\\\/#breadcrumb\"},\"inLanguage\":\"de\",\"potentialAction\":[{\"@type\":\"ReadAction\",\"target\":[\"https:\\\/\\\/www.abseher-technology.com\\\/de\\\/cookies\\\/\"]}]},{\"@type\":\"BreadcrumbList\",\"@id\":\"https:\\\/\\\/www.abseher-technology.com\\\/de\\\/cookies\\\/#breadcrumb\",\"itemListElement\":[{\"@type\":\"ListItem\",\"position\":1,\"name\":\"Home\",\"item\":\"https:\\\/\\\/www.abseher-technology.com\\\/de\\\/\"},{\"@type\":\"ListItem\",\"position\":2,\"name\":\"Cookies\"}]},{\"@type\":\"WebSite\",\"@id\":\"https:\\\/\\\/www.abseher-technology.com\\\/de\\\/#website\",\"url\":\"https:\\\/\\\/www.abseher-technology.com\\\/de\\\/\",\"name\":\"Abseher Technology\",\"description\":\"\",\"publisher\":{\"@id\":\"https:\\\/\\\/www.abseher-technology.com\\\/de\\\/#organization\"},\"potentialAction\":[{\"@type\":\"SearchAction\",\"target\":{\"@type\":\"EntryPoint\",\"urlTemplate\":\"https:\\\/\\\/www.abseher-technology.com\\\/de\\\/?s={search_term_string}\"},\"query-input\":{\"@type\":\"PropertyValueSpecification\",\"valueRequired\":true,\"valueName\":\"search_term_string\"}}],\"inLanguage\":\"de\"},{\"@type\":\"Organization\",\"@id\":\"https:\\\/\\\/www.abseher-technology.com\\\/de\\\/#organization\",\"name\":\"Abseher Technology GmbH\",\"url\":\"https:\\\/\\\/www.abseher-technology.com\\\/de\\\/\",\"logo\":{\"@type\":\"ImageObject\",\"inLanguage\":\"de\",\"@id\":\"https:\\\/\\\/www.abseher-technology.com\\\/de\\\/#\\\/schema\\\/logo\\\/image\\\/\",\"url\":\"https:\\\/\\\/www.abseher-technology.com\\\/wp-content\\\/uploads\\\/logo_abseher_technology_dark_font_square.svg\",\"contentUrl\":\"https:\\\/\\\/www.abseher-technology.com\\\/wp-content\\\/uploads\\\/logo_abseher_technology_dark_font_square.svg\",\"width\":\"210\",\"height\":\"210\",\"caption\":\"Abseher Technology GmbH\"},\"image\":{\"@id\":\"https:\\\/\\\/www.abseher-technology.com\\\/de\\\/#\\\/schema\\\/logo\\\/image\\\/\"},\"sameAs\":[\"https:\\\/\\\/www.facebook.com\\\/abseher.technology\",\"https:\\\/\\\/x.com\\\/AbseherTech\"],\"description\":\"Abseher Technology ist Ihr kompetenter, lokaler Partner f\u00fcr alle Anliegen rund um Ihre wertvolle IT-Infrastruktur.\",\"email\":\"office@abseher-technology.com\",\"telephone\":\"+436642477123\",\"legalName\":\"Abseher Technology GmbH\",\"foundingDate\":\"2021-02-13\",\"vatID\":\"ATU76691046\",\"duns\":\"30-064-1568\"}]}<\/script>\n<!-- \/ Yoast SEO Premium plugin. -->","yoast_head_json":{"title":"Cookies &#8211; Abseher Technology","description":"Die Website von Abseher Technology nutzt Cookies. Hier finden Sie alle Informationen zu den erhobenen Daten und wozu diese verwendet werden.","robots":{"index":"index","follow":"follow","max-snippet":"max-snippet:-1","max-image-preview":"max-image-preview:large","max-video-preview":"max-video-preview:-1"},"canonical":"https:\/\/www.abseher-technology.com\/de\/cookies\/","og_locale":"de_DE","og_type":"article","og_title":"Cookies","og_description":"Die Website von Abseher Technology nutzt Cookies. Hier finden Sie alle Informationen zu den erhobenen Daten und wozu diese verwendet werden.","og_url":"https:\/\/www.abseher-technology.com\/de\/cookies\/","og_site_name":"Abseher Technology","article_publisher":"https:\/\/www.facebook.com\/abseher.technology","article_modified_time":"2026-01-30T07:09:19+00:00","og_image":[{"width":1200,"height":630,"url":"https:\/\/www.abseher-technology.com\/wp-content\/uploads\/2022\/05\/Logo_Abseher_Technology_OpenGraph.png","type":"image\/png"}],"twitter_card":"summary_large_image","twitter_site":"@AbseherTech","twitter_misc":{"Gesch\u00e4tzte Lesezeit":"3\u00a0Minuten"},"schema":{"@context":"https:\/\/schema.org","@graph":[{"@type":"WebPage","@id":"https:\/\/www.abseher-technology.com\/de\/cookies\/","url":"https:\/\/www.abseher-technology.com\/de\/cookies\/","name":"Cookies &#8211; Abseher Technology","isPartOf":{"@id":"https:\/\/www.abseher-technology.com\/de\/#website"},"datePublished":"2021-06-12T13:52:41+00:00","dateModified":"2026-01-30T07:09:19+00:00","description":"Die Website von Abseher Technology nutzt Cookies. Hier finden Sie alle Informationen zu den erhobenen Daten und wozu diese verwendet werden.","breadcrumb":{"@id":"https:\/\/www.abseher-technology.com\/de\/cookies\/#breadcrumb"},"inLanguage":"de","potentialAction":[{"@type":"ReadAction","target":["https:\/\/www.abseher-technology.com\/de\/cookies\/"]}]},{"@type":"BreadcrumbList","@id":"https:\/\/www.abseher-technology.com\/de\/cookies\/#breadcrumb","itemListElement":[{"@type":"ListItem","position":1,"name":"Home","item":"https:\/\/www.abseher-technology.com\/de\/"},{"@type":"ListItem","position":2,"name":"Cookies"}]},{"@type":"WebSite","@id":"https:\/\/www.abseher-technology.com\/de\/#website","url":"https:\/\/www.abseher-technology.com\/de\/","name":"Abseher Technology","description":"","publisher":{"@id":"https:\/\/www.abseher-technology.com\/de\/#organization"},"potentialAction":[{"@type":"SearchAction","target":{"@type":"EntryPoint","urlTemplate":"https:\/\/www.abseher-technology.com\/de\/?s={search_term_string}"},"query-input":{"@type":"PropertyValueSpecification","valueRequired":true,"valueName":"search_term_string"}}],"inLanguage":"de"},{"@type":"Organization","@id":"https:\/\/www.abseher-technology.com\/de\/#organization","name":"Abseher Technology GmbH","url":"https:\/\/www.abseher-technology.com\/de\/","logo":{"@type":"ImageObject","inLanguage":"de","@id":"https:\/\/www.abseher-technology.com\/de\/#\/schema\/logo\/image\/","url":"https:\/\/www.abseher-technology.com\/wp-content\/uploads\/logo_abseher_technology_dark_font_square.svg","contentUrl":"https:\/\/www.abseher-technology.com\/wp-content\/uploads\/logo_abseher_technology_dark_font_square.svg","width":"210","height":"210","caption":"Abseher Technology GmbH"},"image":{"@id":"https:\/\/www.abseher-technology.com\/de\/#\/schema\/logo\/image\/"},"sameAs":["https:\/\/www.facebook.com\/abseher.technology","https:\/\/x.com\/AbseherTech"],"description":"Abseher Technology ist Ihr kompetenter, lokaler Partner f\u00fcr alle Anliegen rund um Ihre wertvolle IT-Infrastruktur.","email":"office@abseher-technology.com","telephone":"+436642477123","legalName":"Abseher Technology GmbH","foundingDate":"2021-02-13","vatID":"ATU76691046","duns":"30-064-1568"}]}},"_links":{"self":[{"href":"https:\/\/www.abseher-technology.com\/de\/wp-json\/wp\/v2\/pages\/236","targetHints":{"allow":["GET"]}}],"collection":[{"href":"https:\/\/www.abseher-technology.com\/de\/wp-json\/wp\/v2\/pages"}],"about":[{"href":"https:\/\/www.abseher-technology.com\/de\/wp-json\/wp\/v2\/types\/page"}],"author":[{"embeddable":true,"href":"https:\/\/www.abseher-technology.com\/de\/wp-json\/wp\/v2\/users\/1"}],"replies":[{"embeddable":true,"href":"https:\/\/www.abseher-technology.com\/de\/wp-json\/wp\/v2\/comments?post=236"}],"version-history":[{"count":0,"href":"https:\/\/www.abseher-technology.com\/de\/wp-json\/wp\/v2\/pages\/236\/revisions"}],"wp:attachment":[{"href":"https:\/\/www.abseher-technology.com\/de\/wp-json\/wp\/v2\/media?parent=236"}],"curies":[{"name":"wp","href":"https:\/\/api.w.org\/{rel}","templated":true}]}}