{"id":224,"date":"2021-07-18T10:10:02","date_gmt":"2021-07-18T08:10:02","guid":{"rendered":"https:\/\/www.abseher-technology.com\/?page_id=224"},"modified":"2026-01-27T19:48:26","modified_gmt":"2026-01-27T18:48:26","slug":"kontakt","status":"publish","type":"page","link":"https:\/\/www.abseher-technology.com\/de\/kontakt\/","title":{"rendered":"Kontakt"},"content":{"rendered":"<div class=\"wpb-content-wrapper\"><p>[vc_row unlock_row_content=&#8220;yes&#8220; row_height_percent=&#8220;0&#8243; override_padding=&#8220;yes&#8220; h_padding=&#8220;0&#8243; top_padding=&#8220;0&#8243; bottom_padding=&#8220;0&#8243; overlay_alpha=&#8220;50&#8243; gutter_size=&#8220;3&#8243; column_width_percent=&#8220;100&#8243; shift_y=&#8220;0&#8243; z_index=&#8220;0&#8243; uncode_shortcode_id=&#8220;104085&#8243;][vc_column width=&#8220;1\/1&#8243;][uncode_block id=&#8220;1169&#8243;][\/vc_column][\/vc_row][vc_row unlock_row_content=&#8220;yes&#8220; row_height_percent=&#8220;0&#8243; override_padding=&#8220;yes&#8220; h_padding=&#8220;0&#8243; top_padding=&#8220;0&#8243; bottom_padding=&#8220;0&#8243; overlay_alpha=&#8220;100&#8243; gutter_size=&#8220;0&#8243; column_width_percent=&#8220;0&#8243; shift_y=&#8220;0&#8243; z_index=&#8220;0&#8243; enable_top_divider=&#8220;default&#8220; top_divider=&#8220;gradient&#8220; shape_top_h_use_pixel=&#8220;true&#8220; shape_top_height_percent=&#8220;100&#8243; shape_top_color=&#8220;color-568355&#8243; shape_top_opacity=&#8220;100&#8243; shape_top_index=&#8220;0&#8243; css=&#8220;.vc_custom_1664521172070{margin-top: 0px !important;margin-bottom: 0px !important;border-top-width: 0px !important;border-right-width: 0px !important;border-left-width: 0px !important;padding-top: 0px !important;}&#8220; uncode_shortcode_id=&#8220;777259&#8243; shape_top_color_type=&#8220;uncode-palette&#8220;][vc_column column_width_percent=&#8220;100&#8243; gutter_size=&#8220;0&#8243; overlay_alpha=&#8220;50&#8243; shift_x=&#8220;0&#8243; shift_y=&#8220;0&#8243; shift_y_down=&#8220;0&#8243; z_index=&#8220;0&#8243; medium_width=&#8220;0&#8243; mobile_width=&#8220;0&#8243; width=&#8220;1\/1&#8243;][vc_empty_space empty_h=&#8220;1&#8243;][\/vc_column][\/vc_row][vc_row unlock_row_content=&#8220;yes&#8220; row_height_percent=&#8220;0&#8243; override_padding=&#8220;yes&#8220; h_padding=&#8220;0&#8243; top_padding=&#8220;0&#8243; bottom_padding=&#8220;0&#8243; overlay_alpha=&#8220;50&#8243; gutter_size=&#8220;3&#8243; column_width_percent=&#8220;100&#8243; shift_y=&#8220;0&#8243; z_index=&#8220;0&#8243; uncode_shortcode_id=&#8220;182656&#8243;][vc_column width=&#8220;1\/1&#8243;][uncode_block id=&#8220;1117&#8243;][\/vc_column][\/vc_row][vc_row row_height_percent=&#8220;0&#8243; override_padding=&#8220;yes&#8220; h_padding=&#8220;2&#8243; top_padding=&#8220;0&#8243; bottom_padding=&#8220;0&#8243; overlay_alpha=&#8220;50&#8243; gutter_size=&#8220;3&#8243; column_width_percent=&#8220;100&#8243; shift_y=&#8220;0&#8243; z_index=&#8220;0&#8243; uncode_shortcode_id=&#8220;196574&#8243; css=&#8220;.vc_custom_1664521234060{margin-top: 1em !important;}&#8220;][vc_column width=&#8220;1\/1&#8243;][vc_custom_heading heading_semantic=&#8220;h1&#8243; uncode_shortcode_id=&#8220;473857&#8243;]<\/p>\n<h1>Kontakt<\/h1>\n<p>[\/vc_custom_heading][vc_column_text uncode_shortcode_id=&#8220;498956&#8243; css=&#8220;.vc_custom_1631177296547{margin-right: 40px !important;margin-left: 40px !important;}&#8220;]<\/p>\n<p style=\"text-align: left;\">Haben wir Sie von uns \u00fcberzeugt und Sie m\u00f6chten einen Termin f\u00fcr eine Beratung oder Reparatur vereinbaren? Oder haben Sie Fragen zu den von uns angebotenen Dienstleistungen? Gerne sind wir f\u00fcr Sie telefonisch und\/oder per E-Mail erreichbar und bem\u00fchen uns, all Ihre Anliegen rund um Ihre IT-Infrastruktur so schnell wie m\u00f6glich zu bearbeiten.<\/p>\n<p>[\/vc_column_text][\/vc_column][\/vc_row][vc_row row_height_percent=&#8220;1&#8243; overlay_alpha=&#8220;50&#8243; gutter_size=&#8220;3&#8243; column_width_percent=&#8220;100&#8243; shift_y=&#8220;0&#8243; z_index=&#8220;0&#8243; uncode_shortcode_id=&#8220;210425&#8243; css=&#8220;.vc_custom_1631175077081{margin-top: 0px !important;border-top-width: 0px !important;padding-top: 0px !important;}&#8220;][vc_column column_width_percent=&#8220;100&#8243; gutter_size=&#8220;3&#8243; overlay_alpha=&#8220;50&#8243; shift_x=&#8220;0&#8243; shift_y=&#8220;0&#8243; shift_y_down=&#8220;0&#8243; z_index=&#8220;0&#8243; medium_width=&#8220;0&#8243; mobile_width=&#8220;0&#8243; width=&#8220;1\/2&#8243; uncode_shortcode_id=&#8220;133607&#8243; css=&#8220;.vc_custom_1631174820856{border-top-width: 0px !important;padding-top: 0px !important;}&#8220;][vc_column_text uncode_shortcode_id=&#8220;107379&#8243; css=&#8220;.vc_custom_1725602822880{margin-top: 0px !important;border-top-width: 0px !important;}&#8220;]<\/p>\n<h2>Anschrift:<\/h2>\n<p><strong>Adresse:<\/strong> Wiesboden 25, 2820 Walpersbach<\/p>\n<p><strong>Telefon:<\/strong> <a class=\"matomo-goal\" href=\"tel:+436642477123\" data-matomo-goal=\"3\">+43 \/ 664 \/ 24 77 123<\/a><\/p>\n<p><strong>E-Mail:<\/strong> <a class=\"matomo-goal\" href=\"mailto:office@abseher-technology.com\" data-matomo-goal=\"1\">office@abseher-technology.com<\/a>[\/vc_column_text][\/vc_column][vc_column width=&#8220;1\/2&#8243;][vc_column_text uncode_shortcode_id=&#8220;926993&#8243;]<\/p>\n<h2>\u00d6ffnungszeiten:<\/h2>\n<p>Montag bis Freitag: Nach Vereinbarung<\/p>\n<p>Samstag und Sonntag: Nach Vereinbarung<\/p>\n<p><strong>Terminvereinbarung erforderlich!<\/strong>[\/vc_column_text][\/vc_column][\/vc_row][vc_row row_height_percent=&#8220;0&#8243; override_padding=&#8220;yes&#8220; h_padding=&#8220;2&#8243; top_padding=&#8220;2&#8243; bottom_padding=&#8220;4&#8243; overlay_alpha=&#8220;50&#8243; gutter_size=&#8220;3&#8243; column_width_percent=&#8220;100&#8243; shift_y=&#8220;0&#8243; z_index=&#8220;0&#8243; uncode_shortcode_id=&#8220;137830&#8243;][vc_column width=&#8220;1\/1&#8243;][vc_raw_html]JTNDbm9zY3JpcHQlM0UlMEElMjAlMjAlM0NpbWclMjBzcmMlM0QlMjJodHRwcyUzQSUyRiUyRnd3dy5hYnNlaGVyLXRlY2hub2xvZ3kuY29tJTJGd3AtY29udGVudCUyRnVwbG9hZHMlMkZhbmZhaHJ0c3BsYW4ucG5nJTIyJTIwYWx0JTNEJTIyQW5mYWhydHNwbGFuJTIwenUlMjBBYnNlaGVyJTIwVGVjaG5vbG9neSUyMEdtYkglMjIlMkYlM0UlMEElM0MlMkZub3NjcmlwdCUzRSUwQSUzQ2RpdiUyMGlkJTNEJTIybWFwLWNvbnRhaW5lciUyMiUyMHN0eWxlJTNEJTIyaGVpZ2h0JTNBJTIwNTAwcHglM0IlMjBkaXNwbGF5JTNBJTIwbm9uZSUzQiUyMiUzRSUwQSUyMCUyMCUzQ2RpdiUyMGlkJTNEJTIybGVhZmxldC1tYXAtY29udGFpbmVyJTIyJTIwc3R5bGUlM0QlMjJoZWlnaHQlM0ElMjA1MDBweCUzQiUyMiUzRSUzQyUyRmRpdiUzRSUwQSUzQyUyRmRpdiUzRSUwQSUzQ3NjcmlwdCUzRSUwQSUyMCUyMGRvY3VtZW50LmdldEVsZW1lbnRCeUlkJTI4JTI3bWFwLWNvbnRhaW5lciUyNyUyOS5zdHlsZS5kaXNwbGF5JTIwJTNEJTIwJTI3YmxvY2slMjclM0IlMEElM0MlMkZzY3JpcHQlM0U=[\/vc_raw_html][\/vc_column][\/vc_row][vc_row row_height_percent=&#8220;0&#8243; override_padding=&#8220;yes&#8220; h_padding=&#8220;2&#8243; top_padding=&#8220;0&#8243; bottom_padding=&#8220;0&#8243; overlay_alpha=&#8220;50&#8243; gutter_size=&#8220;3&#8243; column_width_percent=&#8220;100&#8243; shift_y=&#8220;0&#8243; z_index=&#8220;0&#8243; uncode_shortcode_id=&#8220;456574&#8243;][vc_column width=&#8220;1\/1&#8243;][vc_raw_js]JTNDc2NyaXB0JTIwaWQlM0QlMjJsZWFmbGV0LW1hcC1jb2RlJTIyJTIwdHlwZSUzRCUyMnRleHQlMkZqYXZhc2NyaXB0JTIyJTNFJTBBZnVuY3Rpb24lMjBnZXRMb2NhdGlvbiUyOCUyOSU3Qm5hdmlnYXRvci5nZW9sb2NhdGlvbiUzRm5hdmlnYXRvci5nZW9sb2NhdGlvbi5nZXRDdXJyZW50UG9zaXRpb24lMjhzZXRSb3V0aW5nVXJsJTI5JTNBeC5pbm5lckhUTUwlM0QlMjJHZW9sb2NhdGlvbiUyMGlzJTIwbm90JTIwc3VwcG9ydGVkJTIwYnklMjB0aGlzJTIwYnJvd3Nlci4lMjIlN0RmdW5jdGlvbiUyMHNldFJvdXRpbmdVcmwlMjhlJTI5JTdCZG9jdW1lbnQuZ2V0RWxlbWVudEJ5SWQlMjglMjJyb3V0aW5nX2xpbmslMjIlMjkuaHJlZiUzRCUyMmh0dHBzJTNBJTJGJTJGd3d3Lm9wZW5zdHJlZXRtYXAub3JnJTJGZGlyZWN0aW9ucyUzRmVuZ2luZSUzRGdyYXBoaG9wcGVyX2NhciUyNnJvdXRlJTNEJTIyJTJCZS5jb29yZHMubGF0aXR1ZGUlMkIlMjIlMjUyQyUyMiUyQmUuY29vcmRzLmxvbmdpdHVkZSUyQiUyMiUyNTNCNDcuNzI4NjM3JTI1MkMxNi4yMjg0OTYlMjIlN0R2YXIlMjBob21lX2xhdCUzRDQ3LjcyODYzNyUyQ2hvbWVfbG9uJTNEMTYuMjI4NDk2JTJDaG9tZV9wb2ludCUzRCU1QmhvbWVfbGF0JTJDaG9tZV9sb24lNUQlM0JMLkljb24uRGVmYXVsdC5pbWFnZVBhdGglM0QlMjJodHRwcyUzQSUyRiUyRnd3dy5hYnNlaGVyLXRlY2hub2xvZ3kuY29tJTJGanMlMkZsZWFmbGV0JTJGaW1hZ2VzJTJGJTIyJTNCdmFyJTIwbXltYXAlM0RMLm1hcCUyOCUyMmxlYWZsZXQtbWFwLWNvbnRhaW5lciUyMiUyOS5zZXRWaWV3JTI4aG9tZV9wb2ludCUyQzE3JTI5JTNCTC50aWxlTGF5ZXIucHJvdmlkZXIlMjglMjJDYXJ0b0RCLlZveWFnZXIlMjIlMjkuYWRkVG8lMjhteW1hcCUyOSUzQnZhciUyMG1hcmtlciUzREwubWFya2VyJTI4aG9tZV9wb2ludCUyOS5hZGRUbyUyOG15bWFwJTI5JTNCTC5tYXJrZXIlMjhob21lX3BvaW50JTI5LmFkZFRvJTI4bXltYXAlMjkuYmluZFBvcHVwJTI4JTI3JTNDaW1nJTIwc3JjJTNEJTIyaHR0cHMlM0ElMkYlMkZ3d3cuYWJzZWhlci10ZWNobm9sb2d5LmNvbSUyRndwLWNvbnRlbnQlMkZ1cGxvYWRzJTJGMjAyMSUyRjA2JTJGTG9nb19BYnNlaGVyX1RlY2hub2xvZ3lfZGFya19mb250LnN2ZyUyMiUyMGFsdCUzRCUyMkFic2VoZXIlMjBUZWNobm9sb2d5JTIwR21iSCUyMiUyMHRpdGxlJTNEJTIyQWJzZWhlciUyMFRlY2hub2xvZ3klMjBHbWJIJTIyJTIwd2lkdGglM0QlMjIyMTAlMjIlMjBoZWlnaHQlM0QlMjI4MCUyMiUyRiUzRSUzQ2JyJTJGJTNFJTNDYSUyMGlkJTNEJTIycm91dGluZ19saW5rJTIyJTIwaHJlZiUzRCUyMmh0dHBzJTNBJTJGJTJGd3d3Lm9wZW5zdHJlZXRtYXAub3JnJTJGZGlyZWN0aW9ucyUzRmVuZ2luZSUzRGdyYXBoaG9wcGVyX2NhciUyNnJvdXRlJTNENDcuODEzMTglMjUyQzE2LjI0NDM2JTI1M0I0Ny43Mjg2NCUyNTJDMTYuMjI4NDklMjNtYXAlM0QxMyUyRjQ3Ljc2OTY4JTJGMTYuMjI4NjklMjIlMjB0YXJnZXQlM0QlMjJfYmxhbmslMjIlMjByZWwlM0QlMjJleHRlcm5hbCUyMG5vb3BlbmVyJTIwbm9yZWZlcnJlciUyMG5vZm9sbG93JTIyJTIwc3R5bGUlM0QlMjJ0ZXh0LWFsaWduJTNBJTIwY2VudGVyJTNCJTIwbWFyZ2luLXRvcCUzQSUyMDAuNWVtJTNCJTIwbWFyZ2luLWxlZnQlM0ElMjAxZW0lM0IlMjBtYXJnaW4tcmlnaHQlM0ElMjAxZW0lM0IlMjIlM0VSb3V0ZW5wbGFudW5nJTIwdmlhJTIwT1NNJTNDJTJGYSUzRSUyNyUyOS5vcGVuUG9wdXAlMjglMjklMkNkb2N1bWVudC5nZXRFbGVtZW50QnlJZCUyOCUyMnJvdXRpbmdfbGluayUyMiUyOS5vbkNsaWNrJTNEZnVuY3Rpb24lMjglMjklN0JnZXRMb2NhdGlvbiUyOCUyOSU3RCUzQiUwQSUzQyUyRnNjcmlwdCUzRQ==[\/vc_raw_js][\/vc_column][\/vc_row]<\/p>\n<\/div>","protected":false},"excerpt":{"rendered":"<p>[vc_row unlock_row_content=&#8220;yes&#8220; row_height_percent=&#8220;0&#8243; override_padding=&#8220;yes&#8220; h_padding=&#8220;0&#8243; top_padding=&#8220;0&#8243; bottom_padding=&#8220;0&#8243; overlay_alpha=&#8220;50&#8243; gutter_size=&#8220;3&#8243; column_width_percent=&#8220;100&#8243; shift_y=&#8220;0&#8243; z_index=&#8220;0&#8243; uncode_shortcode_id=&#8220;104085&#8243;][vc_column width=&#8220;1\/1&#8243;][uncode_block id=&#8220;1169&#8243;][\/vc_column][\/vc_row][vc_row unlock_row_content=&#8220;yes&#8220; row_height_percent=&#8220;0&#8243; override_padding=&#8220;yes&#8220; h_padding=&#8220;0&#8243; top_padding=&#8220;0&#8243; [&hellip;]<\/p>\n","protected":false},"author":1,"featured_media":0,"parent":0,"menu_order":0,"comment_status":"closed","ping_status":"closed","template":"","meta":{"footnotes":""},"class_list":["post-224","page","type-page","status-publish","hentry"],"yoast_head":"<!-- This site is optimized with the Yoast SEO Premium plugin v27.3 (Yoast SEO v27.5) - https:\/\/yoast.com\/product\/yoast-seo-premium-wordpress\/ -->\n<title>Kontakt &#8211; Abseher Technology<\/title>\n<meta name=\"description\" content=\"Das Team von Abseher Technology ist nur einen Anruf oder eine E-Mail entfernt. Gerne k\u00f6nnen Sie uns auch an unserem Standort besuchen.\" \/>\n<meta name=\"robots\" content=\"index, follow, max-snippet:-1, max-image-preview:large, max-video-preview:-1\" \/>\n<link rel=\"canonical\" href=\"https:\/\/www.abseher-technology.com\/de\/kontakt\/\" \/>\n<meta property=\"og:locale\" content=\"de_DE\" \/>\n<meta property=\"og:type\" content=\"article\" \/>\n<meta property=\"og:title\" content=\"Kontakt\" \/>\n<meta property=\"og:description\" content=\"Das Team von Abseher Technology ist nur einen Anruf oder eine E-Mail entfernt. Gerne k\u00f6nnen Sie uns auch an unserem Standort besuchen.\" \/>\n<meta property=\"og:url\" content=\"https:\/\/www.abseher-technology.com\/de\/kontakt\/\" \/>\n<meta property=\"og:site_name\" content=\"Abseher Technology\" \/>\n<meta property=\"article:publisher\" content=\"https:\/\/www.facebook.com\/abseher.technology\" \/>\n<meta property=\"article:modified_time\" content=\"2026-01-27T18:48:26+00:00\" \/>\n<meta property=\"og:image\" content=\"https:\/\/www.abseher-technology.com\/wp-content\/uploads\/2022\/05\/Logo_Abseher_Technology_OpenGraph.png\" \/>\n\t<meta property=\"og:image:width\" content=\"1200\" \/>\n\t<meta property=\"og:image:height\" content=\"630\" \/>\n\t<meta property=\"og:image:type\" content=\"image\/png\" \/>\n<meta name=\"twitter:card\" content=\"summary_large_image\" \/>\n<meta name=\"twitter:site\" content=\"@AbseherTech\" \/>\n<meta name=\"twitter:label1\" content=\"Gesch\u00e4tzte Lesezeit\" \/>\n\t<meta name=\"twitter:data1\" content=\"2\u00a0Minuten\" \/>\n<script type=\"application\/ld+json\" class=\"yoast-schema-graph\">{\"@context\":\"https:\\\/\\\/schema.org\",\"@graph\":[{\"@type\":\"WebPage\",\"@id\":\"https:\\\/\\\/www.abseher-technology.com\\\/de\\\/kontakt\\\/\",\"url\":\"https:\\\/\\\/www.abseher-technology.com\\\/de\\\/kontakt\\\/\",\"name\":\"Kontakt &#8211; Abseher Technology\",\"isPartOf\":{\"@id\":\"https:\\\/\\\/www.abseher-technology.com\\\/de\\\/#website\"},\"datePublished\":\"2021-07-18T08:10:02+00:00\",\"dateModified\":\"2026-01-27T18:48:26+00:00\",\"description\":\"Das Team von Abseher Technology ist nur einen Anruf oder eine E-Mail entfernt. Gerne k\u00f6nnen Sie uns auch an unserem Standort besuchen.\",\"breadcrumb\":{\"@id\":\"https:\\\/\\\/www.abseher-technology.com\\\/de\\\/kontakt\\\/#breadcrumb\"},\"inLanguage\":\"de\",\"potentialAction\":[{\"@type\":\"ReadAction\",\"target\":[\"https:\\\/\\\/www.abseher-technology.com\\\/de\\\/kontakt\\\/\"]}]},{\"@type\":\"BreadcrumbList\",\"@id\":\"https:\\\/\\\/www.abseher-technology.com\\\/de\\\/kontakt\\\/#breadcrumb\",\"itemListElement\":[{\"@type\":\"ListItem\",\"position\":1,\"name\":\"Home\",\"item\":\"https:\\\/\\\/www.abseher-technology.com\\\/de\\\/\"},{\"@type\":\"ListItem\",\"position\":2,\"name\":\"Kontakt\"}]},{\"@type\":\"WebSite\",\"@id\":\"https:\\\/\\\/www.abseher-technology.com\\\/de\\\/#website\",\"url\":\"https:\\\/\\\/www.abseher-technology.com\\\/de\\\/\",\"name\":\"Abseher Technology\",\"description\":\"\",\"publisher\":{\"@id\":\"https:\\\/\\\/www.abseher-technology.com\\\/de\\\/#organization\"},\"potentialAction\":[{\"@type\":\"SearchAction\",\"target\":{\"@type\":\"EntryPoint\",\"urlTemplate\":\"https:\\\/\\\/www.abseher-technology.com\\\/de\\\/?s={search_term_string}\"},\"query-input\":{\"@type\":\"PropertyValueSpecification\",\"valueRequired\":true,\"valueName\":\"search_term_string\"}}],\"inLanguage\":\"de\"},{\"@type\":\"Organization\",\"@id\":\"https:\\\/\\\/www.abseher-technology.com\\\/de\\\/#organization\",\"name\":\"Abseher Technology GmbH\",\"url\":\"https:\\\/\\\/www.abseher-technology.com\\\/de\\\/\",\"logo\":{\"@type\":\"ImageObject\",\"inLanguage\":\"de\",\"@id\":\"https:\\\/\\\/www.abseher-technology.com\\\/de\\\/#\\\/schema\\\/logo\\\/image\\\/\",\"url\":\"https:\\\/\\\/www.abseher-technology.com\\\/wp-content\\\/uploads\\\/logo_abseher_technology_dark_font_square.svg\",\"contentUrl\":\"https:\\\/\\\/www.abseher-technology.com\\\/wp-content\\\/uploads\\\/logo_abseher_technology_dark_font_square.svg\",\"width\":\"210\",\"height\":\"210\",\"caption\":\"Abseher Technology GmbH\"},\"image\":{\"@id\":\"https:\\\/\\\/www.abseher-technology.com\\\/de\\\/#\\\/schema\\\/logo\\\/image\\\/\"},\"sameAs\":[\"https:\\\/\\\/www.facebook.com\\\/abseher.technology\",\"https:\\\/\\\/x.com\\\/AbseherTech\"],\"description\":\"Abseher Technology ist Ihr kompetenter, lokaler Partner f\u00fcr alle Anliegen rund um Ihre wertvolle IT-Infrastruktur.\",\"email\":\"office@abseher-technology.com\",\"telephone\":\"+436642477123\",\"legalName\":\"Abseher Technology GmbH\",\"foundingDate\":\"2021-02-13\",\"vatID\":\"ATU76691046\",\"duns\":\"30-064-1568\"}]}<\/script>\n<!-- \/ Yoast SEO Premium plugin. -->","yoast_head_json":{"title":"Kontakt &#8211; Abseher Technology","description":"Das Team von Abseher Technology ist nur einen Anruf oder eine E-Mail entfernt. Gerne k\u00f6nnen Sie uns auch an unserem Standort besuchen.","robots":{"index":"index","follow":"follow","max-snippet":"max-snippet:-1","max-image-preview":"max-image-preview:large","max-video-preview":"max-video-preview:-1"},"canonical":"https:\/\/www.abseher-technology.com\/de\/kontakt\/","og_locale":"de_DE","og_type":"article","og_title":"Kontakt","og_description":"Das Team von Abseher Technology ist nur einen Anruf oder eine E-Mail entfernt. Gerne k\u00f6nnen Sie uns auch an unserem Standort besuchen.","og_url":"https:\/\/www.abseher-technology.com\/de\/kontakt\/","og_site_name":"Abseher Technology","article_publisher":"https:\/\/www.facebook.com\/abseher.technology","article_modified_time":"2026-01-27T18:48:26+00:00","og_image":[{"width":1200,"height":630,"url":"https:\/\/www.abseher-technology.com\/wp-content\/uploads\/2022\/05\/Logo_Abseher_Technology_OpenGraph.png","type":"image\/png"}],"twitter_card":"summary_large_image","twitter_site":"@AbseherTech","twitter_misc":{"Gesch\u00e4tzte Lesezeit":"2\u00a0Minuten"},"schema":{"@context":"https:\/\/schema.org","@graph":[{"@type":"WebPage","@id":"https:\/\/www.abseher-technology.com\/de\/kontakt\/","url":"https:\/\/www.abseher-technology.com\/de\/kontakt\/","name":"Kontakt &#8211; Abseher Technology","isPartOf":{"@id":"https:\/\/www.abseher-technology.com\/de\/#website"},"datePublished":"2021-07-18T08:10:02+00:00","dateModified":"2026-01-27T18:48:26+00:00","description":"Das Team von Abseher Technology ist nur einen Anruf oder eine E-Mail entfernt. Gerne k\u00f6nnen Sie uns auch an unserem Standort besuchen.","breadcrumb":{"@id":"https:\/\/www.abseher-technology.com\/de\/kontakt\/#breadcrumb"},"inLanguage":"de","potentialAction":[{"@type":"ReadAction","target":["https:\/\/www.abseher-technology.com\/de\/kontakt\/"]}]},{"@type":"BreadcrumbList","@id":"https:\/\/www.abseher-technology.com\/de\/kontakt\/#breadcrumb","itemListElement":[{"@type":"ListItem","position":1,"name":"Home","item":"https:\/\/www.abseher-technology.com\/de\/"},{"@type":"ListItem","position":2,"name":"Kontakt"}]},{"@type":"WebSite","@id":"https:\/\/www.abseher-technology.com\/de\/#website","url":"https:\/\/www.abseher-technology.com\/de\/","name":"Abseher Technology","description":"","publisher":{"@id":"https:\/\/www.abseher-technology.com\/de\/#organization"},"potentialAction":[{"@type":"SearchAction","target":{"@type":"EntryPoint","urlTemplate":"https:\/\/www.abseher-technology.com\/de\/?s={search_term_string}"},"query-input":{"@type":"PropertyValueSpecification","valueRequired":true,"valueName":"search_term_string"}}],"inLanguage":"de"},{"@type":"Organization","@id":"https:\/\/www.abseher-technology.com\/de\/#organization","name":"Abseher Technology GmbH","url":"https:\/\/www.abseher-technology.com\/de\/","logo":{"@type":"ImageObject","inLanguage":"de","@id":"https:\/\/www.abseher-technology.com\/de\/#\/schema\/logo\/image\/","url":"https:\/\/www.abseher-technology.com\/wp-content\/uploads\/logo_abseher_technology_dark_font_square.svg","contentUrl":"https:\/\/www.abseher-technology.com\/wp-content\/uploads\/logo_abseher_technology_dark_font_square.svg","width":"210","height":"210","caption":"Abseher Technology GmbH"},"image":{"@id":"https:\/\/www.abseher-technology.com\/de\/#\/schema\/logo\/image\/"},"sameAs":["https:\/\/www.facebook.com\/abseher.technology","https:\/\/x.com\/AbseherTech"],"description":"Abseher Technology ist Ihr kompetenter, lokaler Partner f\u00fcr alle Anliegen rund um Ihre wertvolle IT-Infrastruktur.","email":"office@abseher-technology.com","telephone":"+436642477123","legalName":"Abseher Technology GmbH","foundingDate":"2021-02-13","vatID":"ATU76691046","duns":"30-064-1568"}]}},"_links":{"self":[{"href":"https:\/\/www.abseher-technology.com\/de\/wp-json\/wp\/v2\/pages\/224","targetHints":{"allow":["GET"]}}],"collection":[{"href":"https:\/\/www.abseher-technology.com\/de\/wp-json\/wp\/v2\/pages"}],"about":[{"href":"https:\/\/www.abseher-technology.com\/de\/wp-json\/wp\/v2\/types\/page"}],"author":[{"embeddable":true,"href":"https:\/\/www.abseher-technology.com\/de\/wp-json\/wp\/v2\/users\/1"}],"replies":[{"embeddable":true,"href":"https:\/\/www.abseher-technology.com\/de\/wp-json\/wp\/v2\/comments?post=224"}],"version-history":[{"count":0,"href":"https:\/\/www.abseher-technology.com\/de\/wp-json\/wp\/v2\/pages\/224\/revisions"}],"wp:attachment":[{"href":"https:\/\/www.abseher-technology.com\/de\/wp-json\/wp\/v2\/media?parent=224"}],"curies":[{"name":"wp","href":"https:\/\/api.w.org\/{rel}","templated":true}]}}