{"id":1395,"date":"2026-01-11T18:24:34","date_gmt":"2026-01-11T17:24:34","guid":{"rendered":"https:\/\/www.abseher-technology.com\/?page_id=1395"},"modified":"2026-01-30T17:45:11","modified_gmt":"2026-01-30T16:45:11","slug":"zertifizierungen","status":"publish","type":"page","link":"https:\/\/www.abseher-technology.com\/de\/zertifizierungen\/","title":{"rendered":"Zertifizierungen"},"content":{"rendered":"<div class=\"wpb-content-wrapper\"><p>[vc_row unlock_row_content=&#8220;yes&#8220; row_height_percent=&#8220;0&#8243; override_padding=&#8220;yes&#8220; h_padding=&#8220;0&#8243; top_padding=&#8220;0&#8243; bottom_padding=&#8220;0&#8243; overlay_alpha=&#8220;50&#8243; gutter_size=&#8220;3&#8243; column_width_percent=&#8220;100&#8243; shift_y=&#8220;0&#8243; z_index=&#8220;0&#8243; uncode_shortcode_id=&#8220;104085&#8243;][vc_column width=&#8220;1\/1&#8243;][uncode_block id=&#8220;1125&#8243;][\/vc_column][\/vc_row][vc_row unlock_row_content=&#8220;yes&#8220; row_height_percent=&#8220;0&#8243; override_padding=&#8220;yes&#8220; h_padding=&#8220;0&#8243; top_padding=&#8220;0&#8243; bottom_padding=&#8220;0&#8243; overlay_alpha=&#8220;100&#8243; gutter_size=&#8220;0&#8243; column_width_percent=&#8220;0&#8243; shift_y=&#8220;0&#8243; z_index=&#8220;0&#8243; enable_top_divider=&#8220;default&#8220; top_divider=&#8220;gradient&#8220; shape_top_h_use_pixel=&#8220;true&#8220; shape_top_height_percent=&#8220;100&#8243; shape_top_color=&#8220;color-568355&#8243; shape_top_opacity=&#8220;100&#8243; shape_top_index=&#8220;0&#8243; css=&#8220;.vc_custom_1664521172070{margin-top: 0px !important;margin-bottom: 0px !important;border-top-width: 0px !important;border-right-width: 0px !important;border-left-width: 0px !important;padding-top: 0px !important;}&#8220; uncode_shortcode_id=&#8220;777259&#8243; shape_top_color_type=&#8220;uncode-palette&#8220;][vc_column column_width_percent=&#8220;100&#8243; gutter_size=&#8220;0&#8243; overlay_alpha=&#8220;50&#8243; shift_x=&#8220;0&#8243; shift_y=&#8220;0&#8243; shift_y_down=&#8220;0&#8243; z_index=&#8220;0&#8243; medium_width=&#8220;0&#8243; mobile_width=&#8220;0&#8243; width=&#8220;1\/1&#8243;][vc_empty_space empty_h=&#8220;1&#8243;][\/vc_column][\/vc_row][vc_row unlock_row_content=&#8220;yes&#8220; row_height_percent=&#8220;0&#8243; override_padding=&#8220;yes&#8220; h_padding=&#8220;0&#8243; top_padding=&#8220;0&#8243; bottom_padding=&#8220;0&#8243; overlay_alpha=&#8220;50&#8243; gutter_size=&#8220;3&#8243; column_width_percent=&#8220;100&#8243; shift_y=&#8220;0&#8243; z_index=&#8220;0&#8243; uncode_shortcode_id=&#8220;182656&#8243;][vc_column width=&#8220;1\/1&#8243;][uncode_block id=&#8220;1117&#8243;][\/vc_column][\/vc_row][vc_row row_height_percent=&#8220;0&#8243; override_padding=&#8220;yes&#8220; h_padding=&#8220;2&#8243; top_padding=&#8220;0&#8243; bottom_padding=&#8220;0&#8243; overlay_alpha=&#8220;50&#8243; gutter_size=&#8220;3&#8243; column_width_percent=&#8220;100&#8243; shift_y=&#8220;0&#8243; z_index=&#8220;0&#8243; uncode_shortcode_id=&#8220;196574&#8243; css=&#8220;.vc_custom_1664521234060{margin-top: 1em !important;}&#8220;][vc_column width=&#8220;1\/1&#8243;][vc_custom_heading heading_semantic=&#8220;h1&#8243; uncode_shortcode_id=&#8220;256536&#8243;]<\/p>\n<h1>Zertifizierungen<\/h1>\n<p>[\/vc_custom_heading][vc_column_text uncode_shortcode_id=&#8220;125356&#8243; css=&#8220;.vc_custom_1768151923743{margin-top: 1em !important;}&#8220;]<strong>\u00dcberlassen Sie nichts dem Zufall, wenn es um Ihre wertvolle IT-Infrastruktur und Ihre wichtigen Daten geht!<\/strong><\/p>\n<p>Bei Abseher Technology setzen wir auf kontinuierliche Weiterbildung und lebenslanges Lernen, um bei den Themen IT, Datenschutz und Datensicherheit immer auf dem neuesten Stand zu sein und Sie damit bestm\u00f6glich unterst\u00fctzen zu k\u00f6nnen. Wir setzen dabei neben regelm\u00e4\u00dfigen, herstellerbezogenen Weiterbildungen auch auf die unabh\u00e4ngige Pr\u00fcfung durch renommierte, internationale Zertifizierungsstellen wie z.B. <a href=\"https:\/\/www.comptia.org\/en-eu\/\" target=\"_blank\" rel=\"external noopener noreferrer nofollow\">CompTIA<\/a> oder <a href=\"https:\/\/www.isc2.org\/\" target=\"_blank\" rel=\"external noopener noreferrer nofollow\">ISC2.<\/a><\/p>\n<p>Nachfolgend finden Sie eine Auflistung der Zertifizierungen, die unser Team und unser Unternehmen aktuell vorweisen kann.[\/vc_column_text][\/vc_column][\/vc_row][vc_row row_height_percent=&#8220;0&#8243; override_padding=&#8220;yes&#8220; h_padding=&#8220;2&#8243; top_padding=&#8220;2&#8243; bottom_padding=&#8220;3&#8243; overlay_alpha=&#8220;50&#8243; gutter_size=&#8220;3&#8243; column_width_percent=&#8220;100&#8243; shift_y=&#8220;0&#8243; z_index=&#8220;0&#8243; content_parallax=&#8220;0&#8243; uncode_shortcode_id=&#8220;111294&#8243;][vc_column width=&#8220;1\/1&#8243;][vc_gallery el_id=&#8220;gallery-504369&#8243; medias=&#8220;1412,1411,1408,1407,1410,1409,1406&#8243; gutter_size=&#8220;3&#8243; single_overlay_opacity=&#8220;50&#8243; single_padding=&#8220;2&#8243; uncode_shortcode_id=&#8220;609714&#8243;][\/vc_column][\/vc_row]<\/p>\n<\/div>","protected":false},"excerpt":{"rendered":"<p>[vc_row unlock_row_content=&#8220;yes&#8220; row_height_percent=&#8220;0&#8243; override_padding=&#8220;yes&#8220; h_padding=&#8220;0&#8243; top_padding=&#8220;0&#8243; bottom_padding=&#8220;0&#8243; overlay_alpha=&#8220;50&#8243; gutter_size=&#8220;3&#8243; column_width_percent=&#8220;100&#8243; shift_y=&#8220;0&#8243; z_index=&#8220;0&#8243; uncode_shortcode_id=&#8220;104085&#8243;][vc_column width=&#8220;1\/1&#8243;][uncode_block id=&#8220;1125&#8243;][\/vc_column][\/vc_row][vc_row unlock_row_content=&#8220;yes&#8220; row_height_percent=&#8220;0&#8243; override_padding=&#8220;yes&#8220; h_padding=&#8220;0&#8243; top_padding=&#8220;0&#8243; [&hellip;]<\/p>\n","protected":false},"author":1,"featured_media":0,"parent":0,"menu_order":0,"comment_status":"closed","ping_status":"closed","template":"","meta":{"footnotes":""},"class_list":["post-1395","page","type-page","status-publish","hentry"],"yoast_head":"<!-- This site is optimized with the Yoast SEO Premium plugin v27.3 (Yoast SEO v27.4) - https:\/\/yoast.com\/product\/yoast-seo-premium-wordpress\/ -->\n<title>Zertifizierungen &#8211; Abseher Technology<\/title>\n<meta name=\"description\" content=\"\u00dcberlassen Sie nichts dem Zufall! Bei Abseher Technology setzen wir auf kontinuierliche Weiterbildung, um immer auf dem neuesten Stand zu sein.\" \/>\n<meta name=\"robots\" content=\"index, follow, max-snippet:-1, max-image-preview:large, max-video-preview:-1\" \/>\n<link rel=\"canonical\" href=\"https:\/\/www.abseher-technology.com\/de\/zertifizierungen\/\" \/>\n<meta property=\"og:locale\" content=\"de_DE\" \/>\n<meta property=\"og:type\" content=\"article\" \/>\n<meta property=\"og:title\" content=\"Zertifizierungen\" \/>\n<meta property=\"og:description\" content=\"\u00dcberlassen Sie nichts dem Zufall! Bei Abseher Technology setzen wir auf kontinuierliche Weiterbildung, um immer auf dem neuesten Stand zu sein.\" \/>\n<meta property=\"og:url\" content=\"https:\/\/www.abseher-technology.com\/de\/zertifizierungen\/\" \/>\n<meta property=\"og:site_name\" content=\"Abseher Technology\" \/>\n<meta property=\"article:publisher\" content=\"https:\/\/www.facebook.com\/abseher.technology\" \/>\n<meta property=\"article:modified_time\" content=\"2026-01-30T16:45:11+00:00\" \/>\n<meta property=\"og:image\" content=\"https:\/\/www.abseher-technology.com\/wp-content\/uploads\/2022\/05\/Logo_Abseher_Technology_OpenGraph.png\" \/>\n\t<meta property=\"og:image:width\" content=\"1200\" \/>\n\t<meta property=\"og:image:height\" content=\"630\" \/>\n\t<meta property=\"og:image:type\" content=\"image\/png\" \/>\n<meta name=\"twitter:card\" content=\"summary_large_image\" \/>\n<meta name=\"twitter:site\" content=\"@AbseherTech\" \/>\n<meta name=\"twitter:label1\" content=\"Gesch\u00e4tzte Lesezeit\" \/>\n\t<meta name=\"twitter:data1\" content=\"1\u00a0Minute\" \/>\n<script type=\"application\/ld+json\" class=\"yoast-schema-graph\">{\"@context\":\"https:\\\/\\\/schema.org\",\"@graph\":[{\"@type\":\"WebPage\",\"@id\":\"https:\\\/\\\/www.abseher-technology.com\\\/de\\\/zertifizierungen\\\/\",\"url\":\"https:\\\/\\\/www.abseher-technology.com\\\/de\\\/zertifizierungen\\\/\",\"name\":\"Zertifizierungen &#8211; Abseher Technology\",\"isPartOf\":{\"@id\":\"https:\\\/\\\/www.abseher-technology.com\\\/de\\\/#website\"},\"datePublished\":\"2026-01-11T17:24:34+00:00\",\"dateModified\":\"2026-01-30T16:45:11+00:00\",\"description\":\"\u00dcberlassen Sie nichts dem Zufall! Bei Abseher Technology setzen wir auf kontinuierliche Weiterbildung, um immer auf dem neuesten Stand zu sein.\",\"breadcrumb\":{\"@id\":\"https:\\\/\\\/www.abseher-technology.com\\\/de\\\/zertifizierungen\\\/#breadcrumb\"},\"inLanguage\":\"de\",\"potentialAction\":[{\"@type\":\"ReadAction\",\"target\":[\"https:\\\/\\\/www.abseher-technology.com\\\/de\\\/zertifizierungen\\\/\"]}]},{\"@type\":\"BreadcrumbList\",\"@id\":\"https:\\\/\\\/www.abseher-technology.com\\\/de\\\/zertifizierungen\\\/#breadcrumb\",\"itemListElement\":[{\"@type\":\"ListItem\",\"position\":1,\"name\":\"Home\",\"item\":\"https:\\\/\\\/www.abseher-technology.com\\\/de\\\/\"},{\"@type\":\"ListItem\",\"position\":2,\"name\":\"Zertifizierungen\"}]},{\"@type\":\"WebSite\",\"@id\":\"https:\\\/\\\/www.abseher-technology.com\\\/de\\\/#website\",\"url\":\"https:\\\/\\\/www.abseher-technology.com\\\/de\\\/\",\"name\":\"Abseher Technology\",\"description\":\"\",\"publisher\":{\"@id\":\"https:\\\/\\\/www.abseher-technology.com\\\/de\\\/#organization\"},\"potentialAction\":[{\"@type\":\"SearchAction\",\"target\":{\"@type\":\"EntryPoint\",\"urlTemplate\":\"https:\\\/\\\/www.abseher-technology.com\\\/de\\\/?s={search_term_string}\"},\"query-input\":{\"@type\":\"PropertyValueSpecification\",\"valueRequired\":true,\"valueName\":\"search_term_string\"}}],\"inLanguage\":\"de\"},{\"@type\":\"Organization\",\"@id\":\"https:\\\/\\\/www.abseher-technology.com\\\/de\\\/#organization\",\"name\":\"Abseher Technology GmbH\",\"url\":\"https:\\\/\\\/www.abseher-technology.com\\\/de\\\/\",\"logo\":{\"@type\":\"ImageObject\",\"inLanguage\":\"de\",\"@id\":\"https:\\\/\\\/www.abseher-technology.com\\\/de\\\/#\\\/schema\\\/logo\\\/image\\\/\",\"url\":\"https:\\\/\\\/www.abseher-technology.com\\\/wp-content\\\/uploads\\\/logo_abseher_technology_dark_font_square.svg\",\"contentUrl\":\"https:\\\/\\\/www.abseher-technology.com\\\/wp-content\\\/uploads\\\/logo_abseher_technology_dark_font_square.svg\",\"width\":\"210\",\"height\":\"210\",\"caption\":\"Abseher Technology GmbH\"},\"image\":{\"@id\":\"https:\\\/\\\/www.abseher-technology.com\\\/de\\\/#\\\/schema\\\/logo\\\/image\\\/\"},\"sameAs\":[\"https:\\\/\\\/www.facebook.com\\\/abseher.technology\",\"https:\\\/\\\/x.com\\\/AbseherTech\"],\"description\":\"Abseher Technology ist Ihr kompetenter, lokaler Partner f\u00fcr alle Anliegen rund um Ihre wertvolle IT-Infrastruktur.\",\"email\":\"office@abseher-technology.com\",\"telephone\":\"+436642477123\",\"legalName\":\"Abseher Technology GmbH\",\"foundingDate\":\"2021-02-13\",\"vatID\":\"ATU76691046\",\"duns\":\"30-064-1568\"}]}<\/script>\n<!-- \/ Yoast SEO Premium plugin. -->","yoast_head_json":{"title":"Zertifizierungen &#8211; Abseher Technology","description":"\u00dcberlassen Sie nichts dem Zufall! Bei Abseher Technology setzen wir auf kontinuierliche Weiterbildung, um immer auf dem neuesten Stand zu sein.","robots":{"index":"index","follow":"follow","max-snippet":"max-snippet:-1","max-image-preview":"max-image-preview:large","max-video-preview":"max-video-preview:-1"},"canonical":"https:\/\/www.abseher-technology.com\/de\/zertifizierungen\/","og_locale":"de_DE","og_type":"article","og_title":"Zertifizierungen","og_description":"\u00dcberlassen Sie nichts dem Zufall! Bei Abseher Technology setzen wir auf kontinuierliche Weiterbildung, um immer auf dem neuesten Stand zu sein.","og_url":"https:\/\/www.abseher-technology.com\/de\/zertifizierungen\/","og_site_name":"Abseher Technology","article_publisher":"https:\/\/www.facebook.com\/abseher.technology","article_modified_time":"2026-01-30T16:45:11+00:00","og_image":[{"width":1200,"height":630,"url":"https:\/\/www.abseher-technology.com\/wp-content\/uploads\/2022\/05\/Logo_Abseher_Technology_OpenGraph.png","type":"image\/png"}],"twitter_card":"summary_large_image","twitter_site":"@AbseherTech","twitter_misc":{"Gesch\u00e4tzte Lesezeit":"1\u00a0Minute"},"schema":{"@context":"https:\/\/schema.org","@graph":[{"@type":"WebPage","@id":"https:\/\/www.abseher-technology.com\/de\/zertifizierungen\/","url":"https:\/\/www.abseher-technology.com\/de\/zertifizierungen\/","name":"Zertifizierungen &#8211; Abseher Technology","isPartOf":{"@id":"https:\/\/www.abseher-technology.com\/de\/#website"},"datePublished":"2026-01-11T17:24:34+00:00","dateModified":"2026-01-30T16:45:11+00:00","description":"\u00dcberlassen Sie nichts dem Zufall! Bei Abseher Technology setzen wir auf kontinuierliche Weiterbildung, um immer auf dem neuesten Stand zu sein.","breadcrumb":{"@id":"https:\/\/www.abseher-technology.com\/de\/zertifizierungen\/#breadcrumb"},"inLanguage":"de","potentialAction":[{"@type":"ReadAction","target":["https:\/\/www.abseher-technology.com\/de\/zertifizierungen\/"]}]},{"@type":"BreadcrumbList","@id":"https:\/\/www.abseher-technology.com\/de\/zertifizierungen\/#breadcrumb","itemListElement":[{"@type":"ListItem","position":1,"name":"Home","item":"https:\/\/www.abseher-technology.com\/de\/"},{"@type":"ListItem","position":2,"name":"Zertifizierungen"}]},{"@type":"WebSite","@id":"https:\/\/www.abseher-technology.com\/de\/#website","url":"https:\/\/www.abseher-technology.com\/de\/","name":"Abseher Technology","description":"","publisher":{"@id":"https:\/\/www.abseher-technology.com\/de\/#organization"},"potentialAction":[{"@type":"SearchAction","target":{"@type":"EntryPoint","urlTemplate":"https:\/\/www.abseher-technology.com\/de\/?s={search_term_string}"},"query-input":{"@type":"PropertyValueSpecification","valueRequired":true,"valueName":"search_term_string"}}],"inLanguage":"de"},{"@type":"Organization","@id":"https:\/\/www.abseher-technology.com\/de\/#organization","name":"Abseher Technology GmbH","url":"https:\/\/www.abseher-technology.com\/de\/","logo":{"@type":"ImageObject","inLanguage":"de","@id":"https:\/\/www.abseher-technology.com\/de\/#\/schema\/logo\/image\/","url":"https:\/\/www.abseher-technology.com\/wp-content\/uploads\/logo_abseher_technology_dark_font_square.svg","contentUrl":"https:\/\/www.abseher-technology.com\/wp-content\/uploads\/logo_abseher_technology_dark_font_square.svg","width":"210","height":"210","caption":"Abseher Technology GmbH"},"image":{"@id":"https:\/\/www.abseher-technology.com\/de\/#\/schema\/logo\/image\/"},"sameAs":["https:\/\/www.facebook.com\/abseher.technology","https:\/\/x.com\/AbseherTech"],"description":"Abseher Technology ist Ihr kompetenter, lokaler Partner f\u00fcr alle Anliegen rund um Ihre wertvolle IT-Infrastruktur.","email":"office@abseher-technology.com","telephone":"+436642477123","legalName":"Abseher Technology GmbH","foundingDate":"2021-02-13","vatID":"ATU76691046","duns":"30-064-1568"}]}},"_links":{"self":[{"href":"https:\/\/www.abseher-technology.com\/de\/wp-json\/wp\/v2\/pages\/1395","targetHints":{"allow":["GET"]}}],"collection":[{"href":"https:\/\/www.abseher-technology.com\/de\/wp-json\/wp\/v2\/pages"}],"about":[{"href":"https:\/\/www.abseher-technology.com\/de\/wp-json\/wp\/v2\/types\/page"}],"author":[{"embeddable":true,"href":"https:\/\/www.abseher-technology.com\/de\/wp-json\/wp\/v2\/users\/1"}],"replies":[{"embeddable":true,"href":"https:\/\/www.abseher-technology.com\/de\/wp-json\/wp\/v2\/comments?post=1395"}],"version-history":[{"count":0,"href":"https:\/\/www.abseher-technology.com\/de\/wp-json\/wp\/v2\/pages\/1395\/revisions"}],"wp:attachment":[{"href":"https:\/\/www.abseher-technology.com\/de\/wp-json\/wp\/v2\/media?parent=1395"}],"curies":[{"name":"wp","href":"https:\/\/api.w.org\/{rel}","templated":true}]}}