{"id":1366,"date":"2026-01-11T09:53:08","date_gmt":"2026-01-11T08:53:08","guid":{"rendered":"https:\/\/www.abseher-technology.com\/?page_id=1366"},"modified":"2026-01-30T08:23:18","modified_gmt":"2026-01-30T07:23:18","slug":"geraete-retter-praemie","status":"publish","type":"page","link":"https:\/\/www.abseher-technology.com\/de\/geraete-retter-praemie\/","title":{"rendered":"Ger\u00e4te-Retter-Pr\u00e4mie"},"content":{"rendered":"<div class=\"wpb-content-wrapper\"><p>[vc_row unlock_row_content=&#8220;yes&#8220; row_height_percent=&#8220;0&#8243; override_padding=&#8220;yes&#8220; h_padding=&#8220;0&#8243; top_padding=&#8220;0&#8243; bottom_padding=&#8220;0&#8243; overlay_alpha=&#8220;100&#8243; gutter_size=&#8220;0&#8243; column_width_percent=&#8220;0&#8243; shift_y=&#8220;0&#8243; z_index=&#8220;0&#8243; enable_top_divider=&#8220;default&#8220; top_divider=&#8220;gradient&#8220; shape_top_h_use_pixel=&#8220;true&#8220; shape_top_height_percent=&#8220;100&#8243; shape_top_color=&#8220;color-568355&#8243; shape_top_opacity=&#8220;100&#8243; shape_top_index=&#8220;0&#8243; css=&#8220;.vc_custom_1630074080043{margin-top: 0px !important;margin-bottom: 0px !important;border-top-width: 0px !important;border-right-width: 0px !important;border-left-width: 0px !important;padding-top: 0px !important;}&#8220; uncode_shortcode_id=&#8220;163293&#8243; shape_top_color_type=&#8220;uncode-palette&#8220;][vc_column column_width_percent=&#8220;100&#8243; gutter_size=&#8220;0&#8243; overlay_alpha=&#8220;50&#8243; shift_x=&#8220;0&#8243; shift_y=&#8220;0&#8243; shift_y_down=&#8220;0&#8243; z_index=&#8220;0&#8243; medium_width=&#8220;0&#8243; mobile_width=&#8220;0&#8243; width=&#8220;1\/1&#8243;][uncode_block id=&#8220;1125&#8243;][\/vc_column][\/vc_row][vc_row unlock_row_content=&#8220;yes&#8220; row_height_percent=&#8220;0&#8243; override_padding=&#8220;yes&#8220; h_padding=&#8220;0&#8243; top_padding=&#8220;0&#8243; bottom_padding=&#8220;0&#8243; overlay_alpha=&#8220;100&#8243; gutter_size=&#8220;0&#8243; column_width_percent=&#8220;0&#8243; shift_y=&#8220;0&#8243; z_index=&#8220;0&#8243; enable_top_divider=&#8220;default&#8220; top_divider=&#8220;gradient&#8220; shape_top_h_use_pixel=&#8220;true&#8220; shape_top_height_percent=&#8220;100&#8243; shape_top_color=&#8220;color-568355&#8243; shape_top_opacity=&#8220;100&#8243; shape_top_index=&#8220;0&#8243; css=&#8220;.vc_custom_1630074080043{margin-top: 0px !important;margin-bottom: 0px !important;border-top-width: 0px !important;border-right-width: 0px !important;border-left-width: 0px !important;padding-top: 0px !important;}&#8220; uncode_shortcode_id=&#8220;163293&#8243; shape_top_color_type=&#8220;uncode-palette&#8220;][vc_column column_width_percent=&#8220;100&#8243; gutter_size=&#8220;0&#8243; overlay_alpha=&#8220;50&#8243; shift_x=&#8220;0&#8243; shift_y=&#8220;0&#8243; shift_y_down=&#8220;0&#8243; z_index=&#8220;0&#8243; medium_width=&#8220;0&#8243; mobile_width=&#8220;0&#8243; width=&#8220;1\/1&#8243;][vc_empty_space empty_h=&#8220;1&#8243;][\/vc_column][\/vc_row][vc_row unlock_row_content=&#8220;yes&#8220; row_height_percent=&#8220;0&#8243; override_padding=&#8220;yes&#8220; h_padding=&#8220;0&#8243; top_padding=&#8220;0&#8243; bottom_padding=&#8220;0&#8243; overlay_alpha=&#8220;50&#8243; gutter_size=&#8220;3&#8243; column_width_percent=&#8220;100&#8243; shift_y=&#8220;0&#8243; z_index=&#8220;0&#8243; content_parallax=&#8220;0&#8243; uncode_shortcode_id=&#8220;187161&#8243;][vc_column width=&#8220;1\/1&#8243;][uncode_block id=&#8220;1117&#8243;][\/vc_column][\/vc_row][vc_row row_height_percent=&#8220;0&#8243; override_padding=&#8220;yes&#8220; h_padding=&#8220;2&#8243; top_padding=&#8220;2&#8243; bottom_padding=&#8220;0&#8243; overlay_alpha=&#8220;50&#8243; gutter_size=&#8220;3&#8243; column_width_percent=&#8220;100&#8243; shift_y=&#8220;0&#8243; z_index=&#8220;0&#8243; content_parallax=&#8220;0&#8243; uncode_shortcode_id=&#8220;103825&#8243; css=&#8220;.vc_custom_1768121301408{margin-top: 1em !important;}&#8220;][vc_column width=&#8220;1\/1&#8243;][vc_column_text uncode_shortcode_id=&#8220;122661&#8243;]<img decoding=\"async\" class=\"aligncenter wp-image-1365 size-full\" src=\"https:\/\/www.abseher-technology.com\/wp-content\/uploads\/grp_website_header_2260x660px_akkubohrer-scaled.png\" alt=\"Header Ger\u00e4te Retter Pr\u00e4mie\" width=\"2560\" height=\"748\" srcset=\"https:\/\/www.abseher-technology.com\/wp-content\/uploads\/grp_website_header_2260x660px_akkubohrer-scaled.png 2560w, https:\/\/www.abseher-technology.com\/wp-content\/uploads\/grp_website_header_2260x660px_akkubohrer-300x88.png 300w, https:\/\/www.abseher-technology.com\/wp-content\/uploads\/grp_website_header_2260x660px_akkubohrer-1024x299.png 1024w, https:\/\/www.abseher-technology.com\/wp-content\/uploads\/grp_website_header_2260x660px_akkubohrer-768x224.png 768w, https:\/\/www.abseher-technology.com\/wp-content\/uploads\/grp_website_header_2260x660px_akkubohrer-1536x449.png 1536w, https:\/\/www.abseher-technology.com\/wp-content\/uploads\/grp_website_header_2260x660px_akkubohrer-2048x598.png 2048w, https:\/\/www.abseher-technology.com\/wp-content\/uploads\/grp_website_header_2260x660px_akkubohrer-350x102.png 350w\" sizes=\"(max-width: 2560px) 100vw, 2560px\" \/>[\/vc_column_text][\/vc_column][\/vc_row][vc_row row_height_percent=&#8220;0&#8243; override_padding=&#8220;yes&#8220; h_padding=&#8220;2&#8243; top_padding=&#8220;2&#8243; bottom_padding=&#8220;0&#8243; overlay_alpha=&#8220;50&#8243; gutter_size=&#8220;3&#8243; column_width_percent=&#8220;100&#8243; shift_y=&#8220;0&#8243; z_index=&#8220;0&#8243; content_parallax=&#8220;0&#8243; uncode_shortcode_id=&#8220;526805&#8243;][vc_column width=&#8220;1\/1&#8243;][vc_column_text uncode_shortcode_id=&#8220;152805&#8243;]<\/p>\n<h1 style=\"text-align: center;\">Ger\u00e4te-Retter-Pr\u00e4mie<\/h1>\n<p style=\"text-align: center;\"><strong>Geben Sie alten und defekten Ger\u00e4ten eine zweite Chance!<\/strong><\/p>\n<p>Bei Abseher Technology sind die Begriffe &#8222;Nachhaltigkeit&#8220; und &#8222;Umweltbewusstsein&#8220; nicht nur einfache Schlagworte. Daher sind wir auch aus vollster \u00dcberzeugung Teil der Initiative <strong>&#8222;Ger\u00e4te-Retter-Pr\u00e4mie&#8220;<\/strong> des Bundesministeriums f\u00fcr Land- und Forstwirtschaft, Klima- und Umweltschutz, Regionen und Wasserwirtschaft. Durch unsere Teilnahme an dieser Initiative k\u00f6nnen wir Ihnen die professionell von uns durchgef\u00fchrten Reparaturen noch kosteng\u00fcnstiger anbieten und Sie sparen bis zu 50% des Bruttorechnungsbetrags.*<\/p>\n<p>Es muss also nicht immer gleich eine Neuanschaffung sein, wenn ein Ger\u00e4t den Dienst verweigert. Oft reicht bereits ein kleiner Eingriff an der richten Stelle und schon l\u00e4uft alles wieder wie geschmiert. Sie k\u00f6nnen jedenfalls sicher sein, dass wir Sie immer bestm\u00f6glich beraten und dabei die wirtschaftlichste L\u00f6sung f\u00fcr Ihr jeweiliges Problem finden. Schlie\u00dflich sollen Sie noch lange Freude mit Ihrer IT-Ausstattung haben.<\/p>\n<p>Interessiert? Untenstehend finden Sie den Ablauf, wie Sie ganz einfach zur Ger\u00e4te-Retter-Pr\u00e4mie kommen.<\/p>\n<h2>Wie funktioniert die Ger\u00e4te-Retter-Pr\u00e4mie?<\/h2>\n<ul>\n<li>Den Bon f\u00fcr die Pr\u00e4mie <a href=\"https:\/\/www.ger\u00e4te-retter-pr\u00e4mie.at\/fuer-privatpersonen\" target=\"_blank\" rel=\"external noopener noreferrer nofollow\">hier<\/a> anfordern<\/li>\n<li>Den personalisierten Bon bei uns im Zuge der Reparatur einl\u00f6sen<\/li>\n<li>Bares Geld sparen und dabei im gleichen Zug das gute Gewissen genie\u00dfen, der Umwelt etwas Gutes zu tun<\/li>\n<\/ul>\n<p>Alle wichtigen Informationen zum genauen Ablauf der F\u00f6rderung sowie eine Liste aller f\u00f6rderf\u00e4higen Ger\u00e4te finden Sie <a href=\"https:\/\/www.ger\u00e4te-retter-pr\u00e4mie.at\/fileadmin\/user_upload\/media\/infoblatt.pdf\" target=\"_blank\" rel=\"external noopener noreferrer nofollow\">hier<\/a>.[\/vc_column_text][\/vc_column][\/vc_row][vc_row row_height_percent=&#8220;0&#8243; override_padding=&#8220;yes&#8220; h_padding=&#8220;2&#8243; top_padding=&#8220;0&#8243; bottom_padding=&#8220;2&#8243; overlay_alpha=&#8220;50&#8243; gutter_size=&#8220;3&#8243; column_width_percent=&#8220;100&#8243; shift_y=&#8220;0&#8243; z_index=&#8220;0&#8243; content_parallax=&#8220;0&#8243; uncode_shortcode_id=&#8220;111529&#8243; css=&#8220;.vc_custom_1768120339547{margin-top: 1em !important;}&#8220;][vc_column width=&#8220;1\/1&#8243;][vc_column_text text_lead=&#8220;small&#8220; uncode_shortcode_id=&#8220;152805&#8243;]* Die F\u00f6rderungsh\u00f6he betr\u00e4gt pro Bon 50% der f\u00f6rderungsf\u00e4higen Brutto-Kosten. Maximal jedoch \u20ac 130 f\u00fcr Reparaturen bzw. maximal \u20ac 30 f\u00fcr Kostenvoranschl\u00e4ge.[\/vc_column_text][\/vc_column][\/vc_row][vc_row row_height_percent=&#8220;0&#8243; override_padding=&#8220;yes&#8220; h_padding=&#8220;2&#8243; top_padding=&#8220;0&#8243; bottom_padding=&#8220;4&#8243; overlay_alpha=&#8220;50&#8243; gutter_size=&#8220;3&#8243; column_width_percent=&#8220;100&#8243; shift_y=&#8220;0&#8243; z_index=&#8220;0&#8243; content_parallax=&#8220;0&#8243; uncode_shortcode_id=&#8220;933918&#8243;][vc_column width=&#8220;1\/1&#8243;][vc_column_text uncode_shortcode_id=&#8220;152805&#8243;]<\/p>\n<h2>Verwandte Dienstleistungen:<\/h2>\n<ul>\n<li><a href=\"https:\/\/www.abseher-technology.com\/de\/computerwartung\/\">Unser Dienstleistungsangebot zum Thema &#8222;Computerwartung&#8220;<\/a><\/li>\n<li><a href=\"https:\/\/www.abseher-technology.com\/de\/datenrettung\/\">Unser Dienstleistungsangebot zum Thema &#8222;Datenrettung&#8220;<\/a><\/li>\n<\/ul>\n<p>[\/vc_column_text][\/vc_column][\/vc_row]<\/p>\n<\/div>","protected":false},"excerpt":{"rendered":"<p>[vc_row unlock_row_content=&#8220;yes&#8220; row_height_percent=&#8220;0&#8243; override_padding=&#8220;yes&#8220; h_padding=&#8220;0&#8243; top_padding=&#8220;0&#8243; bottom_padding=&#8220;0&#8243; overlay_alpha=&#8220;100&#8243; gutter_size=&#8220;0&#8243; column_width_percent=&#8220;0&#8243; shift_y=&#8220;0&#8243; z_index=&#8220;0&#8243; enable_top_divider=&#8220;default&#8220; top_divider=&#8220;gradient&#8220; shape_top_h_use_pixel=&#8220;true&#8220; shape_top_height_percent=&#8220;100&#8243; shape_top_color=&#8220;color-568355&#8243; shape_top_opacity=&#8220;100&#8243; shape_top_index=&#8220;0&#8243; css=&#8220;.vc_custom_1630074080043{margin-top: [&hellip;]<\/p>\n","protected":false},"author":1,"featured_media":0,"parent":0,"menu_order":0,"comment_status":"closed","ping_status":"closed","template":"","meta":{"footnotes":""},"class_list":["post-1366","page","type-page","status-publish","hentry"],"yoast_head":"<!-- This site is optimized with the Yoast SEO Premium plugin v27.3 (Yoast SEO v27.4) - https:\/\/yoast.com\/product\/yoast-seo-premium-wordpress\/ -->\n<title>Ger\u00e4te-Retter-Pr\u00e4mie &#8211; Abseher Technology<\/title>\n<meta name=\"description\" content=\"Abseher Technology ist Partnerbetrieb der Ger\u00e4te-Retter-Pr\u00e4mie. Schonen Sie Umwelt und Geldb\u00f6rse durch unsere professionellen Reparaturen!\" \/>\n<meta name=\"robots\" content=\"index, follow, max-snippet:-1, max-image-preview:large, max-video-preview:-1\" \/>\n<link rel=\"canonical\" href=\"https:\/\/www.abseher-technology.com\/de\/geraete-retter-praemie\/\" \/>\n<meta property=\"og:locale\" content=\"de_DE\" \/>\n<meta property=\"og:type\" content=\"article\" \/>\n<meta property=\"og:title\" content=\"Ger\u00e4te-Retter-Pr\u00e4mie\" \/>\n<meta property=\"og:description\" content=\"Abseher Technology ist Partnerbetrieb der Ger\u00e4te-Retter-Pr\u00e4mie. Schonen Sie Umwelt und Geldb\u00f6rse durch unsere professionellen Reparaturen!\" \/>\n<meta property=\"og:url\" content=\"https:\/\/www.abseher-technology.com\/de\/geraete-retter-praemie\/\" \/>\n<meta property=\"og:site_name\" content=\"Abseher Technology\" \/>\n<meta property=\"article:publisher\" content=\"https:\/\/www.facebook.com\/abseher.technology\" \/>\n<meta property=\"article:modified_time\" content=\"2026-01-30T07:23:18+00:00\" \/>\n<meta property=\"og:image\" content=\"https:\/\/www.abseher-technology.com\/wp-content\/uploads\/grp_website_header_2260x660px_akkubohrer-scaled.png\" \/>\n<meta name=\"twitter:card\" content=\"summary_large_image\" \/>\n<meta name=\"twitter:site\" content=\"@AbseherTech\" \/>\n<meta name=\"twitter:label1\" content=\"Gesch\u00e4tzte Lesezeit\" \/>\n\t<meta name=\"twitter:data1\" content=\"2\u00a0Minuten\" \/>\n<script type=\"application\/ld+json\" class=\"yoast-schema-graph\">{\"@context\":\"https:\\\/\\\/schema.org\",\"@graph\":[{\"@type\":\"WebPage\",\"@id\":\"https:\\\/\\\/www.abseher-technology.com\\\/de\\\/geraete-retter-praemie\\\/\",\"url\":\"https:\\\/\\\/www.abseher-technology.com\\\/de\\\/geraete-retter-praemie\\\/\",\"name\":\"Ger\u00e4te-Retter-Pr\u00e4mie &#8211; Abseher Technology\",\"isPartOf\":{\"@id\":\"https:\\\/\\\/www.abseher-technology.com\\\/de\\\/#website\"},\"primaryImageOfPage\":{\"@id\":\"https:\\\/\\\/www.abseher-technology.com\\\/de\\\/geraete-retter-praemie\\\/#primaryimage\"},\"image\":{\"@id\":\"https:\\\/\\\/www.abseher-technology.com\\\/de\\\/geraete-retter-praemie\\\/#primaryimage\"},\"thumbnailUrl\":\"https:\\\/\\\/www.abseher-technology.com\\\/wp-content\\\/uploads\\\/grp_website_header_2260x660px_akkubohrer-scaled.png\",\"datePublished\":\"2026-01-11T08:53:08+00:00\",\"dateModified\":\"2026-01-30T07:23:18+00:00\",\"description\":\"Abseher Technology ist Partnerbetrieb der Ger\u00e4te-Retter-Pr\u00e4mie. Schonen Sie Umwelt und Geldb\u00f6rse durch unsere professionellen Reparaturen!\",\"breadcrumb\":{\"@id\":\"https:\\\/\\\/www.abseher-technology.com\\\/de\\\/geraete-retter-praemie\\\/#breadcrumb\"},\"inLanguage\":\"de\",\"potentialAction\":[{\"@type\":\"ReadAction\",\"target\":[\"https:\\\/\\\/www.abseher-technology.com\\\/de\\\/geraete-retter-praemie\\\/\"]}]},{\"@type\":\"ImageObject\",\"inLanguage\":\"de\",\"@id\":\"https:\\\/\\\/www.abseher-technology.com\\\/de\\\/geraete-retter-praemie\\\/#primaryimage\",\"url\":\"https:\\\/\\\/www.abseher-technology.com\\\/wp-content\\\/uploads\\\/grp_website_header_2260x660px_akkubohrer-scaled.png\",\"contentUrl\":\"https:\\\/\\\/www.abseher-technology.com\\\/wp-content\\\/uploads\\\/grp_website_header_2260x660px_akkubohrer-scaled.png\"},{\"@type\":\"BreadcrumbList\",\"@id\":\"https:\\\/\\\/www.abseher-technology.com\\\/de\\\/geraete-retter-praemie\\\/#breadcrumb\",\"itemListElement\":[{\"@type\":\"ListItem\",\"position\":1,\"name\":\"Home\",\"item\":\"https:\\\/\\\/www.abseher-technology.com\\\/de\\\/\"},{\"@type\":\"ListItem\",\"position\":2,\"name\":\"Ger\u00e4te-Retter-Pr\u00e4mie\"}]},{\"@type\":\"WebSite\",\"@id\":\"https:\\\/\\\/www.abseher-technology.com\\\/de\\\/#website\",\"url\":\"https:\\\/\\\/www.abseher-technology.com\\\/de\\\/\",\"name\":\"Abseher Technology\",\"description\":\"\",\"publisher\":{\"@id\":\"https:\\\/\\\/www.abseher-technology.com\\\/de\\\/#organization\"},\"potentialAction\":[{\"@type\":\"SearchAction\",\"target\":{\"@type\":\"EntryPoint\",\"urlTemplate\":\"https:\\\/\\\/www.abseher-technology.com\\\/de\\\/?s={search_term_string}\"},\"query-input\":{\"@type\":\"PropertyValueSpecification\",\"valueRequired\":true,\"valueName\":\"search_term_string\"}}],\"inLanguage\":\"de\"},{\"@type\":\"Organization\",\"@id\":\"https:\\\/\\\/www.abseher-technology.com\\\/de\\\/#organization\",\"name\":\"Abseher Technology GmbH\",\"url\":\"https:\\\/\\\/www.abseher-technology.com\\\/de\\\/\",\"logo\":{\"@type\":\"ImageObject\",\"inLanguage\":\"de\",\"@id\":\"https:\\\/\\\/www.abseher-technology.com\\\/de\\\/#\\\/schema\\\/logo\\\/image\\\/\",\"url\":\"https:\\\/\\\/www.abseher-technology.com\\\/wp-content\\\/uploads\\\/logo_abseher_technology_dark_font_square.svg\",\"contentUrl\":\"https:\\\/\\\/www.abseher-technology.com\\\/wp-content\\\/uploads\\\/logo_abseher_technology_dark_font_square.svg\",\"width\":\"210\",\"height\":\"210\",\"caption\":\"Abseher Technology GmbH\"},\"image\":{\"@id\":\"https:\\\/\\\/www.abseher-technology.com\\\/de\\\/#\\\/schema\\\/logo\\\/image\\\/\"},\"sameAs\":[\"https:\\\/\\\/www.facebook.com\\\/abseher.technology\",\"https:\\\/\\\/x.com\\\/AbseherTech\"],\"description\":\"Abseher Technology ist Ihr kompetenter, lokaler Partner f\u00fcr alle Anliegen rund um Ihre wertvolle IT-Infrastruktur.\",\"email\":\"office@abseher-technology.com\",\"telephone\":\"+436642477123\",\"legalName\":\"Abseher Technology GmbH\",\"foundingDate\":\"2021-02-13\",\"vatID\":\"ATU76691046\",\"duns\":\"30-064-1568\"}]}<\/script>\n<!-- \/ Yoast SEO Premium plugin. -->","yoast_head_json":{"title":"Ger\u00e4te-Retter-Pr\u00e4mie &#8211; Abseher Technology","description":"Abseher Technology ist Partnerbetrieb der Ger\u00e4te-Retter-Pr\u00e4mie. Schonen Sie Umwelt und Geldb\u00f6rse durch unsere professionellen Reparaturen!","robots":{"index":"index","follow":"follow","max-snippet":"max-snippet:-1","max-image-preview":"max-image-preview:large","max-video-preview":"max-video-preview:-1"},"canonical":"https:\/\/www.abseher-technology.com\/de\/geraete-retter-praemie\/","og_locale":"de_DE","og_type":"article","og_title":"Ger\u00e4te-Retter-Pr\u00e4mie","og_description":"Abseher Technology ist Partnerbetrieb der Ger\u00e4te-Retter-Pr\u00e4mie. Schonen Sie Umwelt und Geldb\u00f6rse durch unsere professionellen Reparaturen!","og_url":"https:\/\/www.abseher-technology.com\/de\/geraete-retter-praemie\/","og_site_name":"Abseher Technology","article_publisher":"https:\/\/www.facebook.com\/abseher.technology","article_modified_time":"2026-01-30T07:23:18+00:00","og_image":[{"url":"https:\/\/www.abseher-technology.com\/wp-content\/uploads\/grp_website_header_2260x660px_akkubohrer-scaled.png","type":"","width":"","height":""}],"twitter_card":"summary_large_image","twitter_site":"@AbseherTech","twitter_misc":{"Gesch\u00e4tzte Lesezeit":"2\u00a0Minuten"},"schema":{"@context":"https:\/\/schema.org","@graph":[{"@type":"WebPage","@id":"https:\/\/www.abseher-technology.com\/de\/geraete-retter-praemie\/","url":"https:\/\/www.abseher-technology.com\/de\/geraete-retter-praemie\/","name":"Ger\u00e4te-Retter-Pr\u00e4mie &#8211; Abseher Technology","isPartOf":{"@id":"https:\/\/www.abseher-technology.com\/de\/#website"},"primaryImageOfPage":{"@id":"https:\/\/www.abseher-technology.com\/de\/geraete-retter-praemie\/#primaryimage"},"image":{"@id":"https:\/\/www.abseher-technology.com\/de\/geraete-retter-praemie\/#primaryimage"},"thumbnailUrl":"https:\/\/www.abseher-technology.com\/wp-content\/uploads\/grp_website_header_2260x660px_akkubohrer-scaled.png","datePublished":"2026-01-11T08:53:08+00:00","dateModified":"2026-01-30T07:23:18+00:00","description":"Abseher Technology ist Partnerbetrieb der Ger\u00e4te-Retter-Pr\u00e4mie. Schonen Sie Umwelt und Geldb\u00f6rse durch unsere professionellen Reparaturen!","breadcrumb":{"@id":"https:\/\/www.abseher-technology.com\/de\/geraete-retter-praemie\/#breadcrumb"},"inLanguage":"de","potentialAction":[{"@type":"ReadAction","target":["https:\/\/www.abseher-technology.com\/de\/geraete-retter-praemie\/"]}]},{"@type":"ImageObject","inLanguage":"de","@id":"https:\/\/www.abseher-technology.com\/de\/geraete-retter-praemie\/#primaryimage","url":"https:\/\/www.abseher-technology.com\/wp-content\/uploads\/grp_website_header_2260x660px_akkubohrer-scaled.png","contentUrl":"https:\/\/www.abseher-technology.com\/wp-content\/uploads\/grp_website_header_2260x660px_akkubohrer-scaled.png"},{"@type":"BreadcrumbList","@id":"https:\/\/www.abseher-technology.com\/de\/geraete-retter-praemie\/#breadcrumb","itemListElement":[{"@type":"ListItem","position":1,"name":"Home","item":"https:\/\/www.abseher-technology.com\/de\/"},{"@type":"ListItem","position":2,"name":"Ger\u00e4te-Retter-Pr\u00e4mie"}]},{"@type":"WebSite","@id":"https:\/\/www.abseher-technology.com\/de\/#website","url":"https:\/\/www.abseher-technology.com\/de\/","name":"Abseher Technology","description":"","publisher":{"@id":"https:\/\/www.abseher-technology.com\/de\/#organization"},"potentialAction":[{"@type":"SearchAction","target":{"@type":"EntryPoint","urlTemplate":"https:\/\/www.abseher-technology.com\/de\/?s={search_term_string}"},"query-input":{"@type":"PropertyValueSpecification","valueRequired":true,"valueName":"search_term_string"}}],"inLanguage":"de"},{"@type":"Organization","@id":"https:\/\/www.abseher-technology.com\/de\/#organization","name":"Abseher Technology GmbH","url":"https:\/\/www.abseher-technology.com\/de\/","logo":{"@type":"ImageObject","inLanguage":"de","@id":"https:\/\/www.abseher-technology.com\/de\/#\/schema\/logo\/image\/","url":"https:\/\/www.abseher-technology.com\/wp-content\/uploads\/logo_abseher_technology_dark_font_square.svg","contentUrl":"https:\/\/www.abseher-technology.com\/wp-content\/uploads\/logo_abseher_technology_dark_font_square.svg","width":"210","height":"210","caption":"Abseher Technology GmbH"},"image":{"@id":"https:\/\/www.abseher-technology.com\/de\/#\/schema\/logo\/image\/"},"sameAs":["https:\/\/www.facebook.com\/abseher.technology","https:\/\/x.com\/AbseherTech"],"description":"Abseher Technology ist Ihr kompetenter, lokaler Partner f\u00fcr alle Anliegen rund um Ihre wertvolle IT-Infrastruktur.","email":"office@abseher-technology.com","telephone":"+436642477123","legalName":"Abseher Technology GmbH","foundingDate":"2021-02-13","vatID":"ATU76691046","duns":"30-064-1568"}]}},"_links":{"self":[{"href":"https:\/\/www.abseher-technology.com\/de\/wp-json\/wp\/v2\/pages\/1366","targetHints":{"allow":["GET"]}}],"collection":[{"href":"https:\/\/www.abseher-technology.com\/de\/wp-json\/wp\/v2\/pages"}],"about":[{"href":"https:\/\/www.abseher-technology.com\/de\/wp-json\/wp\/v2\/types\/page"}],"author":[{"embeddable":true,"href":"https:\/\/www.abseher-technology.com\/de\/wp-json\/wp\/v2\/users\/1"}],"replies":[{"embeddable":true,"href":"https:\/\/www.abseher-technology.com\/de\/wp-json\/wp\/v2\/comments?post=1366"}],"version-history":[{"count":0,"href":"https:\/\/www.abseher-technology.com\/de\/wp-json\/wp\/v2\/pages\/1366\/revisions"}],"wp:attachment":[{"href":"https:\/\/www.abseher-technology.com\/de\/wp-json\/wp\/v2\/media?parent=1366"}],"curies":[{"name":"wp","href":"https:\/\/api.w.org\/{rel}","templated":true}]}}